{"id":493,"date":"2023-11-27T12:33:09","date_gmt":"2023-11-27T15:33:09","guid":{"rendered":"https:\/\/senalbamg.org.br\/?page_id=493"},"modified":"2023-11-27T12:33:10","modified_gmt":"2023-11-27T15:33:10","slug":"processo-adp-lar-dos-idosos-sao-jose","status":"publish","type":"page","link":"https:\/\/senalbamg.org.br\/index.php\/juridico\/processos\/processo-adp-lar-dos-idosos-sao-jose\/","title":{"rendered":"Processo ADP &#8211; Lar dos Idosos S\u00e3o Jos\u00e9"},"content":{"rendered":"\n<p>Listagem do Processo<\/p>\n\n\n\n<p><strong>PROCESSO MOVIDO CONTRA A ADP- UNIDADE LAR DOS IDOSOS S\u00c3O JOS\u00c9<\/strong><\/p>\n\n\n\n<p>Em 2016 o Sindicato recebeu v\u00e1rias den\u00fancias dos empregados da ASSOCIA\u00c7\u00c3O DE PROMO\u00c7\u00c3O HUMANA DIVINA PROVID\u00caNCIA, UNIDADE LAR DOS IDOSOS S\u00c3O JOS\u00c9, informando que as f\u00e9rias estavam sendo pagas fora do prazo legal, o que fez com que o Sindicato ajuizasse A\u00e7\u00e3o Trabalhista Coletiva, processo judicial n.\u00ba: 0011763-07.2016.5.03.0138, que corre perante a 38\u00aa Vara do Trabalho de Belo Horizonte.<\/p>\n\n\n\n<p>Ap\u00f3s ter ganho a a\u00e7\u00e3o, na execu\u00e7\u00e3o do processo foi feito acordo entre as partes para pagamento dos cr\u00e9ditos dos substitu\u00eddos, em 26 parcelas mensais fixas venc\u00edveis todo dia 19, a come\u00e7ar em 19\/11\/2023 e os repasses aos(\u00e0s) substitu\u00eddos(as) seguir\u00e1 a ordem do menor valor para o maior, evitando com isso que pequenos cr\u00e9ditos sejam parcelados.<\/p>\n\n\n\n<p>O pagamento ser\u00e1 feito pelo departamento financeiro do Sindicato que funciona em Belo Horizonte por meio de dep\u00f3sito banc\u00e1rio via PIX ou transfer\u00eancia e, para tanto, precisamos que <strong>quem tiver direito a receber, conforme listagem a seguir, entre em contato com o SENALBA exclusivamente pelo e-mail <a href=\"mailto:supervisao@senalbamg.org.br\" target=\"_blank\" rel=\"noreferrer noopener\">supervisao@senalbamg.org.br<\/a> . Para agilidade nos pagamentos, \u00e9 necess\u00e1rio ainda colocar no corpo do e-mail o nome completo e no assunto do processo: PROCESSO ADP- UNIDADE LAR DOS IDOSOS S\u00c3O JOS\u00c9.<\/strong><\/p>\n\n\n\n<p><strong>As informa\u00e7\u00f5es para pagamento ser\u00e3o repassadas pelo departamento financeiro tamb\u00e9m pelo e-mail.<\/strong><\/p>\n\n\n\n<p><strong>LISTA DE BENEFICI\u00c1RIOS<\/strong><\/p>\n\n\n\n<p><strong>1<\/strong><strong> <\/strong><strong>ADRIANA BARROS DA ROCHA<\/strong><\/p>\n\n\n\n<p><strong>2<\/strong><strong> <\/strong><strong>ALESSANDRA DAMACENA MENDES<\/strong><\/p>\n\n\n\n<p><strong>3<\/strong><strong> <\/strong><strong>ANA APARECIDA DA ROCHA MENDON\u00c7A<\/strong><\/p>\n\n\n\n<p><strong>4<\/strong><strong> <\/strong><strong>ANA CRISTINA MARINHO PEREIRA<\/strong><\/p>\n\n\n\n<p><strong>5<\/strong><strong> <\/strong><strong>BEATRIZ APARECIDA DA CUNHA<\/strong><\/p>\n\n\n\n<p><strong>6<\/strong><strong> <\/strong><strong>BENEDITA EVANGELISTA RODRIGUES DA SILVA<\/strong><\/p>\n\n\n\n<p><strong>7<\/strong><strong> <\/strong><strong>BRUNO RAIMUNDO CORREA<\/strong><\/p>\n\n\n\n<p><strong>8<\/strong><strong> <\/strong><strong>CELIA MARIA GUILHERMINO<\/strong><\/p>\n\n\n\n<p><strong>9<\/strong><strong> <\/strong><strong>CELSO PASCOAL FERREIRA<\/strong><\/p>\n\n\n\n<p><strong>10<\/strong><strong> <\/strong><strong>CESARINA PEREIRA DOS SANTOS SOARES<\/strong><\/p>\n\n\n\n<p><strong>11<\/strong><strong> <\/strong><strong>CLAUDEMILSON NOGUEIRA DE MATOS<\/strong><\/p>\n\n\n\n<p><strong>12<\/strong><strong> <\/strong><strong>CLAUDIA DE AZEVEDO SOARES<\/strong><\/p>\n\n\n\n<p><strong>13<\/strong><strong> <\/strong><strong>EDIRLENE DE CASSIA MARTINHO<\/strong><\/p>\n\n\n\n<p><strong>14<\/strong><strong> <\/strong><strong>ELAINE SOUZA DAS NEVES<\/strong><\/p>\n\n\n\n<p><strong>15<\/strong><strong> <\/strong><strong>ELIANE CORREA SALES<\/strong><\/p>\n\n\n\n<p><strong>17<\/strong><strong> <\/strong><strong>ELIENE FIRMINO MARTINS<\/strong><\/p>\n\n\n\n<p><strong>18<\/strong><strong> <\/strong><strong>ELZA MARIA DE JESUS<\/strong><\/p>\n\n\n\n<p><strong>19<\/strong><strong> <\/strong><strong>ERICA CALDAS STRAMBI<\/strong><\/p>\n\n\n\n<p><strong>20<\/strong><strong> <\/strong><strong>ERIKA RODRIGUES FERREIRA<\/strong><\/p>\n\n\n\n<p><strong>21<\/strong><strong> <\/strong><strong>FABRICIO BRUNO SILVA<\/strong><\/p>\n\n\n\n<p><strong>22<\/strong><strong> <\/strong><strong>GERALDA CRISPINA BARBOSA<\/strong><\/p>\n\n\n\n<p><strong>23<\/strong><strong> <\/strong><strong>GERALDA REIS DA COSTA<\/strong><\/p>\n\n\n\n<p><strong>24<\/strong><strong> <\/strong><strong>GERALDO EUSTAQUIO DE ALVARENGA COSTA<\/strong><\/p>\n\n\n\n<p><strong>25<\/strong><strong> <\/strong><strong>GLAUCILENE APARECIDA DA NOBREGA<\/strong><\/p>\n\n\n\n<p><strong>26<\/strong><strong> <\/strong><strong>GLEICE KELLY OTONI PEREIRA<\/strong><\/p>\n\n\n\n<p><strong>27<\/strong><strong> <\/strong><strong>GRACIELLE CARDOSO DE MOURA<\/strong><\/p>\n\n\n\n<p><strong>28<\/strong><strong> <\/strong><strong>ISAIAS VIANA<\/strong><\/p>\n\n\n\n<p><strong>29<\/strong><strong> <\/strong><strong>IVANILDE LOPES BARBOSA<\/strong><\/p>\n\n\n\n<p><strong>30<\/strong><strong> <\/strong><strong>JAQUELINE GON\u00c7ALVES DE ALMEIDA<\/strong><\/p>\n\n\n\n<p><strong>31<\/strong><strong> <\/strong><strong>JESSICA BATISTA BRAGA<\/strong><\/p>\n\n\n\n<p><strong>32<\/strong><strong> <\/strong><strong>JOSIMAR DE OLIVEIRA ANDRADE<\/strong><\/p>\n\n\n\n<p><strong>33<\/strong><strong> <\/strong><strong>MARA DE OLIVEIRA GON\u00c7ALVES ALCANTARA<\/strong><\/p>\n\n\n\n<p><strong>34<\/strong><strong> <\/strong><strong>MARCIA MARIA DA SILVA<\/strong><\/p>\n\n\n\n<p><strong>35<\/strong><strong> <\/strong><strong>MARIA APARECIDA FERREIRA<\/strong><\/p>\n\n\n\n<p><strong>36<\/strong><strong> <\/strong><strong>MARIA APARECIDA LOPES DOS SANTOS<\/strong><\/p>\n\n\n\n<p><strong>37<\/strong><strong> <\/strong><strong>MARIA CLERIA DA SILVA RAMOS<\/strong><\/p>\n\n\n\n<p><strong>38<\/strong><strong> <\/strong><strong>MARIA DAS GRA\u00c7AS COSTA AGUIAR<\/strong><\/p>\n\n\n\n<p><strong>39<\/strong><strong> <\/strong><strong>MARIA DAS GRA\u00c7AS FERREIRA FRANCA<\/strong><\/p>\n\n\n\n<p><strong>40<\/strong><strong> <\/strong><strong>MARIA ELIANA FONSECA<\/strong><\/p>\n\n\n\n<p><strong>41<\/strong><strong> <\/strong><strong>MARIA HELENA MALAQUIAS GOBIRA<\/strong><\/p>\n\n\n\n<p><strong>42<\/strong><strong> <\/strong><strong>MARIA JOSE DOS SANTOS<\/strong><\/p>\n\n\n\n<p><strong>43<\/strong><strong> <\/strong><strong>MARIA TEREZA DA SILVA<\/strong><\/p>\n\n\n\n<p><strong>44<\/strong><strong> <\/strong><strong>MARLENE DO CARMO SILVA<\/strong><\/p>\n\n\n\n<p><strong>45<\/strong><strong> <\/strong><strong>MARLENE FERREIRA DE ARAUJO<\/strong><\/p>\n\n\n\n<p><strong>46<\/strong><strong> <\/strong><strong>MARLETE DIAS DE MIRANDA<\/strong><\/p>\n\n\n\n<p><strong>47<\/strong><strong> <\/strong><strong>MARTA APARECIDA FONSECA VENTURA<\/strong><\/p>\n\n\n\n<p><strong>48<\/strong><strong> <\/strong><strong>MATUTINA FIGUEIREDO DA SILVA SANTOS<\/strong><\/p>\n\n\n\n<p><strong>49<\/strong><strong> <\/strong><strong>MAURILDA LOURDES DE OLIVEIRA<\/strong><\/p>\n\n\n\n<p><strong>50<\/strong><strong> <\/strong><strong>MERCESA MARIA DE ROSA<\/strong><\/p>\n\n\n\n<p><strong>51<\/strong><strong> <\/strong><strong>MIRIAN MARTA GABRIEL PEREIRA<\/strong><\/p>\n\n\n\n<p><strong>52<\/strong><strong> <\/strong><strong>MIRLENE COELHO DA SILVA<\/strong><\/p>\n\n\n\n<p><strong>53<\/strong><strong> <\/strong><strong>NORITA CEZARIA CAETE<\/strong><\/p>\n\n\n\n<p><strong>54<\/strong><strong> <\/strong><strong>PATRICIA SANTOS BICALHO PARREIRAS<\/strong><\/p>\n\n\n\n<p><strong>55<\/strong><strong> <\/strong><strong>REJANE VALERIANO MOTA<\/strong><\/p>\n\n\n\n<p><strong>56<\/strong><strong> <\/strong><strong>ROBERTO DI SPIRITO ALMEIDA<\/strong><\/p>\n\n\n\n<p><strong>57<\/strong><strong> <\/strong><strong>ROSELI MONTEIRO VELOSO<\/strong><\/p>\n\n\n\n<p><strong>58<\/strong><strong> <\/strong><strong>ROSILANE DA SILVA<\/strong><\/p>\n\n\n\n<p><strong>59<\/strong><strong> <\/strong><strong>SANDRA RODRIGUES DOS SANTOS<\/strong><\/p>\n\n\n\n<p><strong>60<\/strong><strong> <\/strong><strong>SILVANA MARQUES LOBATO<\/strong><\/p>\n\n\n\n<p><strong>61<\/strong><strong> <\/strong><strong>SIMONE GOMES DE SOUZA<\/strong><\/p>\n\n\n\n<p><strong>62<\/strong><strong> <\/strong><strong>SUELY MOURA DA SILVA<\/strong><\/p>\n\n\n\n<p><strong>63<\/strong><strong> <\/strong><strong>TANIA MARIA DE JESUS<\/strong><\/p>\n\n\n\n<p><strong>64<\/strong><strong> <\/strong><strong>TATIANE DOS SANTOS OLIVEIRA<\/strong><\/p>\n\n\n\n<p><strong>65<\/strong><strong> <\/strong><strong>VALDA GILSEIA DE OLIVEIRA<\/strong><\/p>\n\n\n\n<p><strong>66<\/strong><strong> <\/strong><strong>VALDIRENE APARECIDA DINIZ<\/strong><\/p>\n\n\n\n<p><strong>67<\/strong><strong> <\/strong><strong>VANDERLUCIO MARTINS RIBEIRO<\/strong><\/p>\n\n\n\n<p><strong>68<\/strong><strong> <\/strong><strong>VANILSA DOMINGOS ROQUE MOREIRA<\/strong><\/p>\n\n\n\n<p><strong>69<\/strong><strong> <\/strong><strong>VILMA TALMES MACHADO<\/strong><\/p>\n\n\n\n<p><strong>70<\/strong><strong> <\/strong><strong>VIRLAINE SANTOS DE OLIVEIRA<\/strong><strong>71<\/strong><strong> <\/strong><strong>VIRMA GORETE DOS REIS<\/strong><\/p>\n","protected":false},"excerpt":{"rendered":"<p>Listagem do Processo PROCESSO MOVIDO CONTRA A ADP- UNIDADE LAR DOS IDOSOS S\u00c3O JOS\u00c9 Em<\/p>\n","protected":false},"author":6,"featured_media":465,"parent":268,"menu_order":0,"comment_status":"closed","ping_status":"closed","template":"","meta":{"footnotes":""},"class_list":["post-493","page","type-page","status-publish","has-post-thumbnail","hentry"],"yoast_head":"<!-- This site is optimized with the Yoast SEO plugin v25.1 - https:\/\/yoast.com\/wordpress\/plugins\/seo\/ -->\n<title>Processo ADP - Lar dos Idosos S\u00e3o Jos\u00e9 - SENALBAMG<\/title>\n<meta name=\"robots\" content=\"index, follow, max-snippet:-1, max-image-preview:large, max-video-preview:-1\" \/>\n<link rel=\"canonical\" href=\"https:\/\/senalbamg.org.br\/index.php\/juridico\/processos\/processo-adp-lar-dos-idosos-sao-jose\/\" \/>\n<meta property=\"og:locale\" content=\"pt_PT\" \/>\n<meta property=\"og:type\" content=\"article\" \/>\n<meta property=\"og:title\" content=\"Processo ADP - Lar dos Idosos S\u00e3o Jos\u00e9 - SENALBAMG\" \/>\n<meta property=\"og:description\" content=\"Listagem do Processo PROCESSO MOVIDO CONTRA A ADP- UNIDADE LAR DOS IDOSOS S\u00c3O JOS\u00c9 Em\" \/>\n<meta property=\"og:url\" content=\"https:\/\/senalbamg.org.br\/index.php\/juridico\/processos\/processo-adp-lar-dos-idosos-sao-jose\/\" \/>\n<meta property=\"og:site_name\" content=\"SENALBAMG\" \/>\n<meta property=\"article:modified_time\" content=\"2023-11-27T15:33:10+00:00\" \/>\n<meta property=\"og:image\" content=\"https:\/\/senalbamg.org.br\/wp-content\/uploads\/2023\/11\/6.jpg\" \/>\n\t<meta property=\"og:image:width\" content=\"1080\" \/>\n\t<meta property=\"og:image:height\" content=\"1080\" \/>\n\t<meta property=\"og:image:type\" content=\"image\/jpeg\" \/>\n<meta name=\"twitter:card\" content=\"summary_large_image\" \/>\n<meta name=\"twitter:label1\" content=\"Tempo estimado de leitura\" \/>\n\t<meta name=\"twitter:data1\" content=\"3 minutos\" \/>\n<script type=\"application\/ld+json\" class=\"yoast-schema-graph\">{\"@context\":\"https:\/\/schema.org\",\"@graph\":[{\"@type\":\"WebPage\",\"@id\":\"https:\/\/senalbamg.org.br\/index.php\/juridico\/processos\/processo-adp-lar-dos-idosos-sao-jose\/\",\"url\":\"https:\/\/senalbamg.org.br\/index.php\/juridico\/processos\/processo-adp-lar-dos-idosos-sao-jose\/\",\"name\":\"Processo ADP - Lar dos Idosos S\u00e3o Jos\u00e9 - SENALBAMG\",\"isPartOf\":{\"@id\":\"https:\/\/senalbamg.org.br\/#website\"},\"primaryImageOfPage\":{\"@id\":\"https:\/\/senalbamg.org.br\/index.php\/juridico\/processos\/processo-adp-lar-dos-idosos-sao-jose\/#primaryimage\"},\"image\":{\"@id\":\"https:\/\/senalbamg.org.br\/index.php\/juridico\/processos\/processo-adp-lar-dos-idosos-sao-jose\/#primaryimage\"},\"thumbnailUrl\":\"https:\/\/senalbamg.org.br\/wp-content\/uploads\/2023\/11\/6.jpg\",\"datePublished\":\"2023-11-27T15:33:09+00:00\",\"dateModified\":\"2023-11-27T15:33:10+00:00\",\"breadcrumb\":{\"@id\":\"https:\/\/senalbamg.org.br\/index.php\/juridico\/processos\/processo-adp-lar-dos-idosos-sao-jose\/#breadcrumb\"},\"inLanguage\":\"pt-PT\",\"potentialAction\":[{\"@type\":\"ReadAction\",\"target\":[\"https:\/\/senalbamg.org.br\/index.php\/juridico\/processos\/processo-adp-lar-dos-idosos-sao-jose\/\"]}]},{\"@type\":\"ImageObject\",\"inLanguage\":\"pt-PT\",\"@id\":\"https:\/\/senalbamg.org.br\/index.php\/juridico\/processos\/processo-adp-lar-dos-idosos-sao-jose\/#primaryimage\",\"url\":\"https:\/\/senalbamg.org.br\/wp-content\/uploads\/2023\/11\/6.jpg\",\"contentUrl\":\"https:\/\/senalbamg.org.br\/wp-content\/uploads\/2023\/11\/6.jpg\",\"width\":1080,\"height\":1080},{\"@type\":\"BreadcrumbList\",\"@id\":\"https:\/\/senalbamg.org.br\/index.php\/juridico\/processos\/processo-adp-lar-dos-idosos-sao-jose\/#breadcrumb\",\"itemListElement\":[{\"@type\":\"ListItem\",\"position\":1,\"name\":\"In\u00edcio\",\"item\":\"https:\/\/senalbamg.org.br\/\"},{\"@type\":\"ListItem\",\"position\":2,\"name\":\"Jur\u00eddico\",\"item\":\"https:\/\/senalbamg.org.br\/index.php\/juridico\/\"},{\"@type\":\"ListItem\",\"position\":3,\"name\":\"Processos\",\"item\":\"https:\/\/senalbamg.org.br\/index.php\/juridico\/processos\/\"},{\"@type\":\"ListItem\",\"position\":4,\"name\":\"Processo ADP &#8211; Lar dos Idosos S\u00e3o Jos\u00e9\"}]},{\"@type\":\"WebSite\",\"@id\":\"https:\/\/senalbamg.org.br\/#website\",\"url\":\"https:\/\/senalbamg.org.br\/\",\"name\":\"SENALBAMG\",\"description\":\"Fortale\u00e7a seu sindicato!\",\"publisher\":{\"@id\":\"https:\/\/senalbamg.org.br\/#organization\"},\"potentialAction\":[{\"@type\":\"SearchAction\",\"target\":{\"@type\":\"EntryPoint\",\"urlTemplate\":\"https:\/\/senalbamg.org.br\/?s={search_term_string}\"},\"query-input\":{\"@type\":\"PropertyValueSpecification\",\"valueRequired\":true,\"valueName\":\"search_term_string\"}}],\"inLanguage\":\"pt-PT\"},{\"@type\":\"Organization\",\"@id\":\"https:\/\/senalbamg.org.br\/#organization\",\"name\":\"SENALBAMG\",\"url\":\"https:\/\/senalbamg.org.br\/\",\"logo\":{\"@type\":\"ImageObject\",\"inLanguage\":\"pt-PT\",\"@id\":\"https:\/\/senalbamg.org.br\/#\/schema\/logo\/image\/\",\"url\":\"https:\/\/senalbamg.org.br\/wp-content\/uploads\/2025\/05\/Black-White-Letter-MD-Logo-Instagram-Post-Copia-1.jpg\",\"contentUrl\":\"https:\/\/senalbamg.org.br\/wp-content\/uploads\/2025\/05\/Black-White-Letter-MD-Logo-Instagram-Post-Copia-1.jpg\",\"width\":1080,\"height\":504,\"caption\":\"SENALBAMG\"},\"image\":{\"@id\":\"https:\/\/senalbamg.org.br\/#\/schema\/logo\/image\/\"}}]}<\/script>\n<!-- \/ Yoast SEO plugin. -->","yoast_head_json":{"title":"Processo ADP - Lar dos Idosos S\u00e3o Jos\u00e9 - SENALBAMG","robots":{"index":"index","follow":"follow","max-snippet":"max-snippet:-1","max-image-preview":"max-image-preview:large","max-video-preview":"max-video-preview:-1"},"canonical":"https:\/\/senalbamg.org.br\/index.php\/juridico\/processos\/processo-adp-lar-dos-idosos-sao-jose\/","og_locale":"pt_PT","og_type":"article","og_title":"Processo ADP - Lar dos Idosos S\u00e3o Jos\u00e9 - SENALBAMG","og_description":"Listagem do Processo PROCESSO MOVIDO CONTRA A ADP- UNIDADE LAR DOS IDOSOS S\u00c3O JOS\u00c9 Em","og_url":"https:\/\/senalbamg.org.br\/index.php\/juridico\/processos\/processo-adp-lar-dos-idosos-sao-jose\/","og_site_name":"SENALBAMG","article_modified_time":"2023-11-27T15:33:10+00:00","og_image":[{"width":1080,"height":1080,"url":"https:\/\/senalbamg.org.br\/wp-content\/uploads\/2023\/11\/6.jpg","type":"image\/jpeg"}],"twitter_card":"summary_large_image","twitter_misc":{"Tempo estimado de leitura":"3 minutos"},"schema":{"@context":"https:\/\/schema.org","@graph":[{"@type":"WebPage","@id":"https:\/\/senalbamg.org.br\/index.php\/juridico\/processos\/processo-adp-lar-dos-idosos-sao-jose\/","url":"https:\/\/senalbamg.org.br\/index.php\/juridico\/processos\/processo-adp-lar-dos-idosos-sao-jose\/","name":"Processo ADP - Lar dos Idosos S\u00e3o Jos\u00e9 - SENALBAMG","isPartOf":{"@id":"https:\/\/senalbamg.org.br\/#website"},"primaryImageOfPage":{"@id":"https:\/\/senalbamg.org.br\/index.php\/juridico\/processos\/processo-adp-lar-dos-idosos-sao-jose\/#primaryimage"},"image":{"@id":"https:\/\/senalbamg.org.br\/index.php\/juridico\/processos\/processo-adp-lar-dos-idosos-sao-jose\/#primaryimage"},"thumbnailUrl":"https:\/\/senalbamg.org.br\/wp-content\/uploads\/2023\/11\/6.jpg","datePublished":"2023-11-27T15:33:09+00:00","dateModified":"2023-11-27T15:33:10+00:00","breadcrumb":{"@id":"https:\/\/senalbamg.org.br\/index.php\/juridico\/processos\/processo-adp-lar-dos-idosos-sao-jose\/#breadcrumb"},"inLanguage":"pt-PT","potentialAction":[{"@type":"ReadAction","target":["https:\/\/senalbamg.org.br\/index.php\/juridico\/processos\/processo-adp-lar-dos-idosos-sao-jose\/"]}]},{"@type":"ImageObject","inLanguage":"pt-PT","@id":"https:\/\/senalbamg.org.br\/index.php\/juridico\/processos\/processo-adp-lar-dos-idosos-sao-jose\/#primaryimage","url":"https:\/\/senalbamg.org.br\/wp-content\/uploads\/2023\/11\/6.jpg","contentUrl":"https:\/\/senalbamg.org.br\/wp-content\/uploads\/2023\/11\/6.jpg","width":1080,"height":1080},{"@type":"BreadcrumbList","@id":"https:\/\/senalbamg.org.br\/index.php\/juridico\/processos\/processo-adp-lar-dos-idosos-sao-jose\/#breadcrumb","itemListElement":[{"@type":"ListItem","position":1,"name":"In\u00edcio","item":"https:\/\/senalbamg.org.br\/"},{"@type":"ListItem","position":2,"name":"Jur\u00eddico","item":"https:\/\/senalbamg.org.br\/index.php\/juridico\/"},{"@type":"ListItem","position":3,"name":"Processos","item":"https:\/\/senalbamg.org.br\/index.php\/juridico\/processos\/"},{"@type":"ListItem","position":4,"name":"Processo ADP &#8211; Lar dos Idosos S\u00e3o Jos\u00e9"}]},{"@type":"WebSite","@id":"https:\/\/senalbamg.org.br\/#website","url":"https:\/\/senalbamg.org.br\/","name":"SENALBAMG","description":"Fortale\u00e7a seu sindicato!","publisher":{"@id":"https:\/\/senalbamg.org.br\/#organization"},"potentialAction":[{"@type":"SearchAction","target":{"@type":"EntryPoint","urlTemplate":"https:\/\/senalbamg.org.br\/?s={search_term_string}"},"query-input":{"@type":"PropertyValueSpecification","valueRequired":true,"valueName":"search_term_string"}}],"inLanguage":"pt-PT"},{"@type":"Organization","@id":"https:\/\/senalbamg.org.br\/#organization","name":"SENALBAMG","url":"https:\/\/senalbamg.org.br\/","logo":{"@type":"ImageObject","inLanguage":"pt-PT","@id":"https:\/\/senalbamg.org.br\/#\/schema\/logo\/image\/","url":"https:\/\/senalbamg.org.br\/wp-content\/uploads\/2025\/05\/Black-White-Letter-MD-Logo-Instagram-Post-Copia-1.jpg","contentUrl":"https:\/\/senalbamg.org.br\/wp-content\/uploads\/2025\/05\/Black-White-Letter-MD-Logo-Instagram-Post-Copia-1.jpg","width":1080,"height":504,"caption":"SENALBAMG"},"image":{"@id":"https:\/\/senalbamg.org.br\/#\/schema\/logo\/image\/"}}]}},"_links":{"self":[{"href":"https:\/\/senalbamg.org.br\/index.php\/wp-json\/wp\/v2\/pages\/493","targetHints":{"allow":["GET"]}}],"collection":[{"href":"https:\/\/senalbamg.org.br\/index.php\/wp-json\/wp\/v2\/pages"}],"about":[{"href":"https:\/\/senalbamg.org.br\/index.php\/wp-json\/wp\/v2\/types\/page"}],"author":[{"embeddable":true,"href":"https:\/\/senalbamg.org.br\/index.php\/wp-json\/wp\/v2\/users\/6"}],"replies":[{"embeddable":true,"href":"https:\/\/senalbamg.org.br\/index.php\/wp-json\/wp\/v2\/comments?post=493"}],"version-history":[{"count":1,"href":"https:\/\/senalbamg.org.br\/index.php\/wp-json\/wp\/v2\/pages\/493\/revisions"}],"predecessor-version":[{"id":494,"href":"https:\/\/senalbamg.org.br\/index.php\/wp-json\/wp\/v2\/pages\/493\/revisions\/494"}],"up":[{"embeddable":true,"href":"https:\/\/senalbamg.org.br\/index.php\/wp-json\/wp\/v2\/pages\/268"}],"wp:featuredmedia":[{"embeddable":true,"href":"https:\/\/senalbamg.org.br\/index.php\/wp-json\/wp\/v2\/media\/465"}],"wp:attachment":[{"href":"https:\/\/senalbamg.org.br\/index.php\/wp-json\/wp\/v2\/media?parent=493"}],"curies":[{"name":"wp","href":"https:\/\/api.w.org\/{rel}","templated":true}]}}