{"id":477,"date":"2023-11-27T11:58:34","date_gmt":"2023-11-27T14:58:34","guid":{"rendered":"https:\/\/senalbamg.org.br\/?page_id=477"},"modified":"2023-11-27T12:03:26","modified_gmt":"2023-11-27T15:03:26","slug":"apae-de-ribeirao-das-neves","status":"publish","type":"page","link":"https:\/\/senalbamg.org.br\/index.php\/juridico\/processos\/apae-de-ribeirao-das-neves\/","title":{"rendered":"Apae de Ribeir\u00e3o das Neves"},"content":{"rendered":"\n<p>Listagem do Processo<\/p>\n\n\n\n<p><strong>PROCESSO MOVIDO CONTRA A APAE DE RIBEIR\u00c3O DAS NEVES<\/strong><\/p>\n\n\n\n<p>Em virtude da APAE de Ribeir\u00e3o das Neves n\u00e3o ter cumprido as Conven\u00e7\u00f5es Coletivas de Trabalho dos anos de 2020 e 2021 firmadas entre o SENALBA MG e a FENAC, foi ajuizada uma A\u00e7\u00e3o de Cumprimento, processo judicial n.\u00ba: 0010981-62.2021.5.03.0093, que corre perante a Vara do Trabalho de Ribeir\u00e3o das Neves.<\/p>\n\n\n\n<p>Na execu\u00e7\u00e3o do processo, ap\u00f3s a homologa\u00e7\u00e3o do c\u00e1lculo pericial, foi feito acordo para pagamento em 27 (vinte e sete) parcelas mensais e iguais, vencendo a primeira parcela no dia 10\/10\/2023 e as demais todo dia 10 (dez) dos meses subsequentes e os repasses ao(\u00e0) trabalhador(a) seguir\u00e1 a ordem do menor valor para o maior, evitando com isso que pequenos cr\u00e9ditos sejam parcelados.<\/p>\n\n\n\n<p>A parte do trabalhador come\u00e7a a ser paga no m\u00eas de dezembro.<\/p>\n\n\n\n<p>O pagamento ser\u00e1 feito pelo departamento financeiro do Sindicato que funciona em Belo Horizonte por meio de dep\u00f3sito banc\u00e1rio via PIX ou transfer\u00eancia e, para tanto, precisamos que <strong>quem tiver direito a receber, conforme listagem a seguir, entre em contato com o SENALBA exclusivamente pelo e-mail <a href=\"mailto:supervisao@senalbamg.org.br\" target=\"_blank\" rel=\"noreferrer noopener\">supervisao@senalbamg.org.br<\/a><\/strong> .<strong> Para agilidade nos pagamentos, \u00e9 necess\u00e1rio ainda colocar no corpo do e-mail o nome completo e no assunto do processo: PROCESSO APAE RIEIR\u00c3O DAS NEVES.<\/strong><\/p>\n\n\n\n<p><strong>As informa\u00e7\u00f5es para pagamento ser\u00e3o repassadas pelo departamento financeiro tamb\u00e9m pelo e-mail.<\/strong><\/p>\n\n\n\n<p><strong>LISTA DE BENEFICI\u00c1RIOS<\/strong><\/p>\n\n\n\n<p><strong>1<\/strong><strong> <\/strong><strong>Adriani dos Santos Pires<\/strong><\/p>\n\n\n\n<p><strong>2<\/strong><strong> <\/strong><strong>Ana Cristina Arag\u00e3o dos Santos&nbsp;<\/strong><\/p>\n\n\n\n<p><strong>3<\/strong><strong> <\/strong><strong>Camila Cristine Santos Martins<\/strong><\/p>\n\n\n\n<p><strong>4<\/strong><strong> <\/strong><strong>Claudia Rodrigues Maciel Ramos<\/strong><\/p>\n\n\n\n<p><strong>5<\/strong><strong> <\/strong><strong>Deborah Soares Santos&nbsp;<\/strong><\/p>\n\n\n\n<p><strong>6<\/strong><strong> <\/strong><strong>Fabiola Vilela da Silva&nbsp;<\/strong><\/p>\n\n\n\n<p><strong>7<\/strong><strong> <\/strong><strong>Geiscislene Marta Martins&nbsp;&nbsp;&nbsp;<\/strong><\/p>\n\n\n\n<p><strong>8<\/strong><strong> <\/strong><strong>Graziele Costa e Silva&nbsp;&nbsp;<\/strong><\/p>\n\n\n\n<p><strong>9<\/strong><strong> <\/strong><strong>Jania Marisa do Carmos Carvalho&nbsp;<\/strong><\/p>\n\n\n\n<p><strong>10<\/strong><strong> <\/strong><strong>Jo\u00e3o Ricardo Filho&nbsp;&nbsp;<\/strong><\/p>\n\n\n\n<p><strong>11<\/strong><strong> <\/strong><strong>Lindaura Lopes da Silva&nbsp;<\/strong><\/p>\n\n\n\n<p><strong>12<\/strong><strong> <\/strong><strong>Luiza de Oliveira Nogueira Doche&nbsp;<\/strong><\/p>\n\n\n\n<p><strong>13<\/strong><strong> <\/strong><strong>Marcos Juny Ferreira Lima&nbsp;&nbsp;<\/strong><\/p>\n\n\n\n<p><strong>14<\/strong><strong> <\/strong><strong>Maria Aparecida Luiz de Jesus Vilaboim<\/strong><\/p>\n\n\n\n<p><strong>15<\/strong><strong> <\/strong><strong>Maria de F\u00e1tima da Silva Ruela&nbsp;<\/strong><\/p>\n\n\n\n<p><strong>16<\/strong><strong> <\/strong><strong>Maria do Amparo Venancio Gomes&nbsp;&nbsp;<\/strong><\/p>\n\n\n\n<p><strong>17<\/strong><strong> <\/strong><strong>Paloma Natalete da Silva<\/strong><\/p>\n\n\n\n<p><strong>18<\/strong><strong> <\/strong><strong>Patricia Gomes Diniz&nbsp;<\/strong><\/p>\n\n\n\n<p><strong>19<\/strong><strong> <\/strong><strong>Patricia Graziela Ramos&nbsp;&nbsp;<\/strong><\/p>\n\n\n\n<p><strong>20<\/strong><strong> <\/strong><strong>Paula Ades de Moura Freitas<\/strong><\/p>\n\n\n\n<p><strong>21<\/strong><strong> <\/strong><strong>Paula Rodrigues Menicucci Costa&nbsp;&nbsp;<\/strong><\/p>\n\n\n\n<p><strong>22<\/strong><strong> <\/strong><strong>Paulo Henrique Gomes Rodrigues&nbsp;<\/strong><\/p>\n\n\n\n<p><strong>23<\/strong><strong> <\/strong><strong>Rosangela Alves Frigeri&nbsp;<\/strong><\/p>\n\n\n\n<p><strong>24<\/strong><strong> <\/strong><strong>Rosemary A Alves R da Costa&nbsp;&nbsp;<\/strong><\/p>\n\n\n\n<p><strong>25<\/strong><strong> <\/strong><strong>Sabricia Inacio da Costa<\/strong><\/p>\n\n\n\n<p><strong>26<\/strong><strong> <\/strong><strong>Sonia Rodrigues da Cruz&nbsp;<\/strong><\/p>\n\n\n\n<p><strong>27<\/strong><strong> <\/strong><strong>Valeria Correa da Costa&nbsp;&nbsp;<\/strong><strong>28<\/strong><strong> <\/strong><strong>Wanessa Carla Costa&nbsp;<\/strong><\/p>\n","protected":false},"excerpt":{"rendered":"<p>Listagem do Processo PROCESSO MOVIDO CONTRA A APAE DE RIBEIR\u00c3O DAS NEVES Em virtude da<\/p>\n","protected":false},"author":6,"featured_media":463,"parent":268,"menu_order":0,"comment_status":"closed","ping_status":"closed","template":"","meta":{"footnotes":""},"class_list":["post-477","page","type-page","status-publish","has-post-thumbnail","hentry"],"yoast_head":"<!-- This site is optimized with the Yoast SEO plugin v25.1 - https:\/\/yoast.com\/wordpress\/plugins\/seo\/ -->\n<title>Apae de Ribeir\u00e3o das Neves - SENALBAMG<\/title>\n<meta name=\"robots\" content=\"index, follow, max-snippet:-1, max-image-preview:large, max-video-preview:-1\" \/>\n<link rel=\"canonical\" href=\"https:\/\/senalbamg.org.br\/index.php\/juridico\/processos\/apae-de-ribeirao-das-neves\/\" \/>\n<meta property=\"og:locale\" content=\"pt_PT\" \/>\n<meta property=\"og:type\" content=\"article\" \/>\n<meta property=\"og:title\" content=\"Apae de Ribeir\u00e3o das Neves - SENALBAMG\" \/>\n<meta property=\"og:description\" content=\"Listagem do Processo PROCESSO MOVIDO CONTRA A APAE DE RIBEIR\u00c3O DAS NEVES Em virtude da\" \/>\n<meta property=\"og:url\" content=\"https:\/\/senalbamg.org.br\/index.php\/juridico\/processos\/apae-de-ribeirao-das-neves\/\" \/>\n<meta property=\"og:site_name\" content=\"SENALBAMG\" \/>\n<meta property=\"article:modified_time\" content=\"2023-11-27T15:03:26+00:00\" \/>\n<meta property=\"og:image\" content=\"https:\/\/senalbamg.org.br\/wp-content\/uploads\/2023\/11\/41.jpg\" \/>\n\t<meta property=\"og:image:width\" content=\"1080\" \/>\n\t<meta property=\"og:image:height\" content=\"1080\" \/>\n\t<meta property=\"og:image:type\" content=\"image\/jpeg\" \/>\n<meta name=\"twitter:card\" content=\"summary_large_image\" \/>\n<meta name=\"twitter:label1\" content=\"Tempo estimado de leitura\" \/>\n\t<meta name=\"twitter:data1\" content=\"2 minutos\" \/>\n<script type=\"application\/ld+json\" class=\"yoast-schema-graph\">{\"@context\":\"https:\/\/schema.org\",\"@graph\":[{\"@type\":\"WebPage\",\"@id\":\"https:\/\/senalbamg.org.br\/index.php\/juridico\/processos\/apae-de-ribeirao-das-neves\/\",\"url\":\"https:\/\/senalbamg.org.br\/index.php\/juridico\/processos\/apae-de-ribeirao-das-neves\/\",\"name\":\"Apae de Ribeir\u00e3o das Neves - SENALBAMG\",\"isPartOf\":{\"@id\":\"https:\/\/senalbamg.org.br\/#website\"},\"primaryImageOfPage\":{\"@id\":\"https:\/\/senalbamg.org.br\/index.php\/juridico\/processos\/apae-de-ribeirao-das-neves\/#primaryimage\"},\"image\":{\"@id\":\"https:\/\/senalbamg.org.br\/index.php\/juridico\/processos\/apae-de-ribeirao-das-neves\/#primaryimage\"},\"thumbnailUrl\":\"https:\/\/senalbamg.org.br\/wp-content\/uploads\/2023\/11\/41.jpg\",\"datePublished\":\"2023-11-27T14:58:34+00:00\",\"dateModified\":\"2023-11-27T15:03:26+00:00\",\"breadcrumb\":{\"@id\":\"https:\/\/senalbamg.org.br\/index.php\/juridico\/processos\/apae-de-ribeirao-das-neves\/#breadcrumb\"},\"inLanguage\":\"pt-PT\",\"potentialAction\":[{\"@type\":\"ReadAction\",\"target\":[\"https:\/\/senalbamg.org.br\/index.php\/juridico\/processos\/apae-de-ribeirao-das-neves\/\"]}]},{\"@type\":\"ImageObject\",\"inLanguage\":\"pt-PT\",\"@id\":\"https:\/\/senalbamg.org.br\/index.php\/juridico\/processos\/apae-de-ribeirao-das-neves\/#primaryimage\",\"url\":\"https:\/\/senalbamg.org.br\/wp-content\/uploads\/2023\/11\/41.jpg\",\"contentUrl\":\"https:\/\/senalbamg.org.br\/wp-content\/uploads\/2023\/11\/41.jpg\",\"width\":1080,\"height\":1080},{\"@type\":\"BreadcrumbList\",\"@id\":\"https:\/\/senalbamg.org.br\/index.php\/juridico\/processos\/apae-de-ribeirao-das-neves\/#breadcrumb\",\"itemListElement\":[{\"@type\":\"ListItem\",\"position\":1,\"name\":\"In\u00edcio\",\"item\":\"https:\/\/senalbamg.org.br\/\"},{\"@type\":\"ListItem\",\"position\":2,\"name\":\"Jur\u00eddico\",\"item\":\"https:\/\/senalbamg.org.br\/index.php\/juridico\/\"},{\"@type\":\"ListItem\",\"position\":3,\"name\":\"Processos\",\"item\":\"https:\/\/senalbamg.org.br\/index.php\/juridico\/processos\/\"},{\"@type\":\"ListItem\",\"position\":4,\"name\":\"Apae de Ribeir\u00e3o das Neves\"}]},{\"@type\":\"WebSite\",\"@id\":\"https:\/\/senalbamg.org.br\/#website\",\"url\":\"https:\/\/senalbamg.org.br\/\",\"name\":\"SENALBAMG\",\"description\":\"Fortale\u00e7a seu sindicato!\",\"publisher\":{\"@id\":\"https:\/\/senalbamg.org.br\/#organization\"},\"potentialAction\":[{\"@type\":\"SearchAction\",\"target\":{\"@type\":\"EntryPoint\",\"urlTemplate\":\"https:\/\/senalbamg.org.br\/?s={search_term_string}\"},\"query-input\":{\"@type\":\"PropertyValueSpecification\",\"valueRequired\":true,\"valueName\":\"search_term_string\"}}],\"inLanguage\":\"pt-PT\"},{\"@type\":\"Organization\",\"@id\":\"https:\/\/senalbamg.org.br\/#organization\",\"name\":\"SENALBAMG\",\"url\":\"https:\/\/senalbamg.org.br\/\",\"logo\":{\"@type\":\"ImageObject\",\"inLanguage\":\"pt-PT\",\"@id\":\"https:\/\/senalbamg.org.br\/#\/schema\/logo\/image\/\",\"url\":\"https:\/\/senalbamg.org.br\/wp-content\/uploads\/2025\/05\/Black-White-Letter-MD-Logo-Instagram-Post-Copia-1.jpg\",\"contentUrl\":\"https:\/\/senalbamg.org.br\/wp-content\/uploads\/2025\/05\/Black-White-Letter-MD-Logo-Instagram-Post-Copia-1.jpg\",\"width\":1080,\"height\":504,\"caption\":\"SENALBAMG\"},\"image\":{\"@id\":\"https:\/\/senalbamg.org.br\/#\/schema\/logo\/image\/\"}}]}<\/script>\n<!-- \/ Yoast SEO plugin. -->","yoast_head_json":{"title":"Apae de Ribeir\u00e3o das Neves - SENALBAMG","robots":{"index":"index","follow":"follow","max-snippet":"max-snippet:-1","max-image-preview":"max-image-preview:large","max-video-preview":"max-video-preview:-1"},"canonical":"https:\/\/senalbamg.org.br\/index.php\/juridico\/processos\/apae-de-ribeirao-das-neves\/","og_locale":"pt_PT","og_type":"article","og_title":"Apae de Ribeir\u00e3o das Neves - SENALBAMG","og_description":"Listagem do Processo PROCESSO MOVIDO CONTRA A APAE DE RIBEIR\u00c3O DAS NEVES Em virtude da","og_url":"https:\/\/senalbamg.org.br\/index.php\/juridico\/processos\/apae-de-ribeirao-das-neves\/","og_site_name":"SENALBAMG","article_modified_time":"2023-11-27T15:03:26+00:00","og_image":[{"width":1080,"height":1080,"url":"https:\/\/senalbamg.org.br\/wp-content\/uploads\/2023\/11\/41.jpg","type":"image\/jpeg"}],"twitter_card":"summary_large_image","twitter_misc":{"Tempo estimado de leitura":"2 minutos"},"schema":{"@context":"https:\/\/schema.org","@graph":[{"@type":"WebPage","@id":"https:\/\/senalbamg.org.br\/index.php\/juridico\/processos\/apae-de-ribeirao-das-neves\/","url":"https:\/\/senalbamg.org.br\/index.php\/juridico\/processos\/apae-de-ribeirao-das-neves\/","name":"Apae de Ribeir\u00e3o das Neves - SENALBAMG","isPartOf":{"@id":"https:\/\/senalbamg.org.br\/#website"},"primaryImageOfPage":{"@id":"https:\/\/senalbamg.org.br\/index.php\/juridico\/processos\/apae-de-ribeirao-das-neves\/#primaryimage"},"image":{"@id":"https:\/\/senalbamg.org.br\/index.php\/juridico\/processos\/apae-de-ribeirao-das-neves\/#primaryimage"},"thumbnailUrl":"https:\/\/senalbamg.org.br\/wp-content\/uploads\/2023\/11\/41.jpg","datePublished":"2023-11-27T14:58:34+00:00","dateModified":"2023-11-27T15:03:26+00:00","breadcrumb":{"@id":"https:\/\/senalbamg.org.br\/index.php\/juridico\/processos\/apae-de-ribeirao-das-neves\/#breadcrumb"},"inLanguage":"pt-PT","potentialAction":[{"@type":"ReadAction","target":["https:\/\/senalbamg.org.br\/index.php\/juridico\/processos\/apae-de-ribeirao-das-neves\/"]}]},{"@type":"ImageObject","inLanguage":"pt-PT","@id":"https:\/\/senalbamg.org.br\/index.php\/juridico\/processos\/apae-de-ribeirao-das-neves\/#primaryimage","url":"https:\/\/senalbamg.org.br\/wp-content\/uploads\/2023\/11\/41.jpg","contentUrl":"https:\/\/senalbamg.org.br\/wp-content\/uploads\/2023\/11\/41.jpg","width":1080,"height":1080},{"@type":"BreadcrumbList","@id":"https:\/\/senalbamg.org.br\/index.php\/juridico\/processos\/apae-de-ribeirao-das-neves\/#breadcrumb","itemListElement":[{"@type":"ListItem","position":1,"name":"In\u00edcio","item":"https:\/\/senalbamg.org.br\/"},{"@type":"ListItem","position":2,"name":"Jur\u00eddico","item":"https:\/\/senalbamg.org.br\/index.php\/juridico\/"},{"@type":"ListItem","position":3,"name":"Processos","item":"https:\/\/senalbamg.org.br\/index.php\/juridico\/processos\/"},{"@type":"ListItem","position":4,"name":"Apae de Ribeir\u00e3o das Neves"}]},{"@type":"WebSite","@id":"https:\/\/senalbamg.org.br\/#website","url":"https:\/\/senalbamg.org.br\/","name":"SENALBAMG","description":"Fortale\u00e7a seu sindicato!","publisher":{"@id":"https:\/\/senalbamg.org.br\/#organization"},"potentialAction":[{"@type":"SearchAction","target":{"@type":"EntryPoint","urlTemplate":"https:\/\/senalbamg.org.br\/?s={search_term_string}"},"query-input":{"@type":"PropertyValueSpecification","valueRequired":true,"valueName":"search_term_string"}}],"inLanguage":"pt-PT"},{"@type":"Organization","@id":"https:\/\/senalbamg.org.br\/#organization","name":"SENALBAMG","url":"https:\/\/senalbamg.org.br\/","logo":{"@type":"ImageObject","inLanguage":"pt-PT","@id":"https:\/\/senalbamg.org.br\/#\/schema\/logo\/image\/","url":"https:\/\/senalbamg.org.br\/wp-content\/uploads\/2025\/05\/Black-White-Letter-MD-Logo-Instagram-Post-Copia-1.jpg","contentUrl":"https:\/\/senalbamg.org.br\/wp-content\/uploads\/2025\/05\/Black-White-Letter-MD-Logo-Instagram-Post-Copia-1.jpg","width":1080,"height":504,"caption":"SENALBAMG"},"image":{"@id":"https:\/\/senalbamg.org.br\/#\/schema\/logo\/image\/"}}]}},"_links":{"self":[{"href":"https:\/\/senalbamg.org.br\/index.php\/wp-json\/wp\/v2\/pages\/477","targetHints":{"allow":["GET"]}}],"collection":[{"href":"https:\/\/senalbamg.org.br\/index.php\/wp-json\/wp\/v2\/pages"}],"about":[{"href":"https:\/\/senalbamg.org.br\/index.php\/wp-json\/wp\/v2\/types\/page"}],"author":[{"embeddable":true,"href":"https:\/\/senalbamg.org.br\/index.php\/wp-json\/wp\/v2\/users\/6"}],"replies":[{"embeddable":true,"href":"https:\/\/senalbamg.org.br\/index.php\/wp-json\/wp\/v2\/comments?post=477"}],"version-history":[{"count":3,"href":"https:\/\/senalbamg.org.br\/index.php\/wp-json\/wp\/v2\/pages\/477\/revisions"}],"predecessor-version":[{"id":487,"href":"https:\/\/senalbamg.org.br\/index.php\/wp-json\/wp\/v2\/pages\/477\/revisions\/487"}],"up":[{"embeddable":true,"href":"https:\/\/senalbamg.org.br\/index.php\/wp-json\/wp\/v2\/pages\/268"}],"wp:featuredmedia":[{"embeddable":true,"href":"https:\/\/senalbamg.org.br\/index.php\/wp-json\/wp\/v2\/media\/463"}],"wp:attachment":[{"href":"https:\/\/senalbamg.org.br\/index.php\/wp-json\/wp\/v2\/media?parent=477"}],"curies":[{"name":"wp","href":"https:\/\/api.w.org\/{rel}","templated":true}]}}