{"id":470,"date":"2023-11-27T11:45:58","date_gmt":"2023-11-27T14:45:58","guid":{"rendered":"https:\/\/senalbamg.org.br\/?page_id=470"},"modified":"2023-11-27T12:05:09","modified_gmt":"2023-11-27T15:05:09","slug":"apae-de-sete-lagoas","status":"publish","type":"page","link":"https:\/\/senalbamg.org.br\/index.php\/juridico\/processos\/apae-de-sete-lagoas\/","title":{"rendered":"Apae de Sete Lagoas"},"content":{"rendered":"\n<p>Listagem do Processo<\/p>\n\n\n\n<p><strong>PROCESSO MOVIDO CONTRA A APAE DE SETE LAGOAS<\/strong><\/p>\n\n\n\n<p>Em 2016 o SENALBA MG recebeu v\u00e1rias den\u00fancias de empregados da APAE de Sete Lagoas sobre os sal\u00e1rios que estavam sendo pagos com atraso, o que fez com que o SENALBA primeiramente tentasse resolver a pend\u00eancia com a interven\u00e7\u00e3o do Minist\u00e9rio do Trabalho e Emprego, mas, ap\u00f3s v\u00e1rias reuni\u00f5es, ainda continuava o impasse, ocasionando assim o processo judicial n.\u00ba: 0010691-88.2016.5.03.0039.<\/p>\n\n\n\n<p>Na execu\u00e7\u00e3o do processo, ap\u00f3s a homologa\u00e7\u00e3o do c\u00e1lculo pericial, foi feito acordo para que, conforme a senten\u00e7a, fosse pago ao(\u00e0) trabalhador(a) a multa de 15% sobre os sal\u00e1rios pagos em atraso, desde setembro de 2015 at\u00e9 abril de 2016 e sobre o 13\u00ba sal\u00e1rio de 2014, que foram pagos em atraso; al\u00e9m da regulariza\u00e7\u00e3o do FGTS dos substitu\u00eddos.<\/p>\n\n\n\n<p>O valor acordado ser\u00e1 pago em 08 (oito) parcelas mensais e iguais, vencendo a primeira parcela no dia 10\/04\/2023 e as demais todo dia 10 (dez) dos meses subsequentes e os repasses ao(\u00e0) trabalhador(a) seguir\u00e1 a ordem do menor valor para o maior, evitando com isso que pequenos cr\u00e9ditos sejam parcelados.<\/p>\n\n\n\n<p>O pagamento ser\u00e1 feito pelo departamento financeiro do Sindicato que funciona em Belo Horizonte por meio de dep\u00f3sito banc\u00e1rio via PIX ou transfer\u00eancia e, para tanto, precisamos que <strong>quem tiver direito a receber, conforme listagem a seguir, entre em contato com o SENALBA <\/strong><strong>exclusivamente<\/strong><strong> pelo e-mail supervisao<\/strong><a href=\"mailto:senalbamg@senalbamg.org.br\"><strong>@senalbamg.org.br<\/strong><\/a><strong>. Para agilidade nos pagamentos, \u00e9 necess\u00e1rio ainda <\/strong><strong>colocar no corpo do e-mail o nome completo e no assunto do processo: PROCESSO APAE SETE LAGOAS,<\/strong><strong>&nbsp;<\/strong><\/p>\n\n\n\n<p><strong>As informa\u00e7\u00f5es para pagamento ser\u00e3o repassadas pelo departamento financeiro tamb\u00e9m pelo e-mail.<\/strong><\/p>\n\n\n\n<p>Seguem os nomes dos trabalhadores que n\u00e3o receberam ainda o valor referente ao processo da Apae de Sete Lagoas:<\/p>\n\n\n\n<figure class=\"wp-block-table\"><table><tbody><tr><td>ANDRESSA REGINA DA SILVA<\/td><\/tr><tr><td>ANTONIO EUSTAQUIO DE SOUZA<\/td><\/tr><tr><td>APARECIDA TOLENTINO DE MATTOS<\/td><\/tr><tr><td>FLAVIA RODRIGUES COSTA<\/td><\/tr><tr><td>LUZITANIA PEREIRA DE SOUZA<\/td><\/tr><tr><td>STAEL ALVES BARBOSA SIQUEIRA<\/td><\/tr><tr><td>VALERIA VIEIRA BARROS PORTO<\/td><\/tr><tr><td>VIVIANE MESQUITA DE MELO<\/td><\/tr><\/tbody><\/table><\/figure>\n","protected":false},"excerpt":{"rendered":"<p>Listagem do Processo PROCESSO MOVIDO CONTRA A APAE DE SETE LAGOAS Em 2016 o SENALBA<\/p>\n","protected":false},"author":6,"featured_media":459,"parent":268,"menu_order":0,"comment_status":"closed","ping_status":"closed","template":"","meta":{"footnotes":""},"class_list":["post-470","page","type-page","status-publish","has-post-thumbnail","hentry"],"yoast_head":"<!-- This site is optimized with the Yoast SEO plugin v25.1 - https:\/\/yoast.com\/wordpress\/plugins\/seo\/ -->\n<title>Apae de Sete Lagoas - SENALBAMG<\/title>\n<meta name=\"robots\" content=\"index, follow, max-snippet:-1, max-image-preview:large, max-video-preview:-1\" \/>\n<link rel=\"canonical\" href=\"https:\/\/senalbamg.org.br\/index.php\/juridico\/processos\/apae-de-sete-lagoas\/\" \/>\n<meta property=\"og:locale\" content=\"pt_PT\" \/>\n<meta property=\"og:type\" content=\"article\" \/>\n<meta property=\"og:title\" content=\"Apae de Sete Lagoas - SENALBAMG\" \/>\n<meta property=\"og:description\" content=\"Listagem do Processo PROCESSO MOVIDO CONTRA A APAE DE SETE LAGOAS Em 2016 o SENALBA\" \/>\n<meta property=\"og:url\" content=\"https:\/\/senalbamg.org.br\/index.php\/juridico\/processos\/apae-de-sete-lagoas\/\" \/>\n<meta property=\"og:site_name\" content=\"SENALBAMG\" \/>\n<meta property=\"article:modified_time\" content=\"2023-11-27T15:05:09+00:00\" \/>\n<meta property=\"og:image\" content=\"https:\/\/senalbamg.org.br\/wp-content\/uploads\/2023\/11\/5.jpg\" \/>\n\t<meta property=\"og:image:width\" content=\"1080\" \/>\n\t<meta property=\"og:image:height\" content=\"1080\" \/>\n\t<meta property=\"og:image:type\" content=\"image\/jpeg\" \/>\n<meta name=\"twitter:card\" content=\"summary_large_image\" \/>\n<meta name=\"twitter:label1\" content=\"Tempo estimado de leitura\" \/>\n\t<meta name=\"twitter:data1\" content=\"2 minutos\" \/>\n<script type=\"application\/ld+json\" class=\"yoast-schema-graph\">{\"@context\":\"https:\/\/schema.org\",\"@graph\":[{\"@type\":\"WebPage\",\"@id\":\"https:\/\/senalbamg.org.br\/index.php\/juridico\/processos\/apae-de-sete-lagoas\/\",\"url\":\"https:\/\/senalbamg.org.br\/index.php\/juridico\/processos\/apae-de-sete-lagoas\/\",\"name\":\"Apae de Sete Lagoas - SENALBAMG\",\"isPartOf\":{\"@id\":\"https:\/\/senalbamg.org.br\/#website\"},\"primaryImageOfPage\":{\"@id\":\"https:\/\/senalbamg.org.br\/index.php\/juridico\/processos\/apae-de-sete-lagoas\/#primaryimage\"},\"image\":{\"@id\":\"https:\/\/senalbamg.org.br\/index.php\/juridico\/processos\/apae-de-sete-lagoas\/#primaryimage\"},\"thumbnailUrl\":\"https:\/\/senalbamg.org.br\/wp-content\/uploads\/2023\/11\/5.jpg\",\"datePublished\":\"2023-11-27T14:45:58+00:00\",\"dateModified\":\"2023-11-27T15:05:09+00:00\",\"breadcrumb\":{\"@id\":\"https:\/\/senalbamg.org.br\/index.php\/juridico\/processos\/apae-de-sete-lagoas\/#breadcrumb\"},\"inLanguage\":\"pt-PT\",\"potentialAction\":[{\"@type\":\"ReadAction\",\"target\":[\"https:\/\/senalbamg.org.br\/index.php\/juridico\/processos\/apae-de-sete-lagoas\/\"]}]},{\"@type\":\"ImageObject\",\"inLanguage\":\"pt-PT\",\"@id\":\"https:\/\/senalbamg.org.br\/index.php\/juridico\/processos\/apae-de-sete-lagoas\/#primaryimage\",\"url\":\"https:\/\/senalbamg.org.br\/wp-content\/uploads\/2023\/11\/5.jpg\",\"contentUrl\":\"https:\/\/senalbamg.org.br\/wp-content\/uploads\/2023\/11\/5.jpg\",\"width\":1080,\"height\":1080},{\"@type\":\"BreadcrumbList\",\"@id\":\"https:\/\/senalbamg.org.br\/index.php\/juridico\/processos\/apae-de-sete-lagoas\/#breadcrumb\",\"itemListElement\":[{\"@type\":\"ListItem\",\"position\":1,\"name\":\"In\u00edcio\",\"item\":\"https:\/\/senalbamg.org.br\/\"},{\"@type\":\"ListItem\",\"position\":2,\"name\":\"Jur\u00eddico\",\"item\":\"https:\/\/senalbamg.org.br\/index.php\/juridico\/\"},{\"@type\":\"ListItem\",\"position\":3,\"name\":\"Processos\",\"item\":\"https:\/\/senalbamg.org.br\/index.php\/juridico\/processos\/\"},{\"@type\":\"ListItem\",\"position\":4,\"name\":\"Apae de Sete Lagoas\"}]},{\"@type\":\"WebSite\",\"@id\":\"https:\/\/senalbamg.org.br\/#website\",\"url\":\"https:\/\/senalbamg.org.br\/\",\"name\":\"SENALBAMG\",\"description\":\"Fortale\u00e7a seu sindicato!\",\"publisher\":{\"@id\":\"https:\/\/senalbamg.org.br\/#organization\"},\"potentialAction\":[{\"@type\":\"SearchAction\",\"target\":{\"@type\":\"EntryPoint\",\"urlTemplate\":\"https:\/\/senalbamg.org.br\/?s={search_term_string}\"},\"query-input\":{\"@type\":\"PropertyValueSpecification\",\"valueRequired\":true,\"valueName\":\"search_term_string\"}}],\"inLanguage\":\"pt-PT\"},{\"@type\":\"Organization\",\"@id\":\"https:\/\/senalbamg.org.br\/#organization\",\"name\":\"SENALBAMG\",\"url\":\"https:\/\/senalbamg.org.br\/\",\"logo\":{\"@type\":\"ImageObject\",\"inLanguage\":\"pt-PT\",\"@id\":\"https:\/\/senalbamg.org.br\/#\/schema\/logo\/image\/\",\"url\":\"https:\/\/senalbamg.org.br\/wp-content\/uploads\/2025\/05\/Black-White-Letter-MD-Logo-Instagram-Post-Copia-1.jpg\",\"contentUrl\":\"https:\/\/senalbamg.org.br\/wp-content\/uploads\/2025\/05\/Black-White-Letter-MD-Logo-Instagram-Post-Copia-1.jpg\",\"width\":1080,\"height\":504,\"caption\":\"SENALBAMG\"},\"image\":{\"@id\":\"https:\/\/senalbamg.org.br\/#\/schema\/logo\/image\/\"}}]}<\/script>\n<!-- \/ Yoast SEO plugin. -->","yoast_head_json":{"title":"Apae de Sete Lagoas - SENALBAMG","robots":{"index":"index","follow":"follow","max-snippet":"max-snippet:-1","max-image-preview":"max-image-preview:large","max-video-preview":"max-video-preview:-1"},"canonical":"https:\/\/senalbamg.org.br\/index.php\/juridico\/processos\/apae-de-sete-lagoas\/","og_locale":"pt_PT","og_type":"article","og_title":"Apae de Sete Lagoas - SENALBAMG","og_description":"Listagem do Processo PROCESSO MOVIDO CONTRA A APAE DE SETE LAGOAS Em 2016 o SENALBA","og_url":"https:\/\/senalbamg.org.br\/index.php\/juridico\/processos\/apae-de-sete-lagoas\/","og_site_name":"SENALBAMG","article_modified_time":"2023-11-27T15:05:09+00:00","og_image":[{"width":1080,"height":1080,"url":"https:\/\/senalbamg.org.br\/wp-content\/uploads\/2023\/11\/5.jpg","type":"image\/jpeg"}],"twitter_card":"summary_large_image","twitter_misc":{"Tempo estimado de leitura":"2 minutos"},"schema":{"@context":"https:\/\/schema.org","@graph":[{"@type":"WebPage","@id":"https:\/\/senalbamg.org.br\/index.php\/juridico\/processos\/apae-de-sete-lagoas\/","url":"https:\/\/senalbamg.org.br\/index.php\/juridico\/processos\/apae-de-sete-lagoas\/","name":"Apae de Sete Lagoas - SENALBAMG","isPartOf":{"@id":"https:\/\/senalbamg.org.br\/#website"},"primaryImageOfPage":{"@id":"https:\/\/senalbamg.org.br\/index.php\/juridico\/processos\/apae-de-sete-lagoas\/#primaryimage"},"image":{"@id":"https:\/\/senalbamg.org.br\/index.php\/juridico\/processos\/apae-de-sete-lagoas\/#primaryimage"},"thumbnailUrl":"https:\/\/senalbamg.org.br\/wp-content\/uploads\/2023\/11\/5.jpg","datePublished":"2023-11-27T14:45:58+00:00","dateModified":"2023-11-27T15:05:09+00:00","breadcrumb":{"@id":"https:\/\/senalbamg.org.br\/index.php\/juridico\/processos\/apae-de-sete-lagoas\/#breadcrumb"},"inLanguage":"pt-PT","potentialAction":[{"@type":"ReadAction","target":["https:\/\/senalbamg.org.br\/index.php\/juridico\/processos\/apae-de-sete-lagoas\/"]}]},{"@type":"ImageObject","inLanguage":"pt-PT","@id":"https:\/\/senalbamg.org.br\/index.php\/juridico\/processos\/apae-de-sete-lagoas\/#primaryimage","url":"https:\/\/senalbamg.org.br\/wp-content\/uploads\/2023\/11\/5.jpg","contentUrl":"https:\/\/senalbamg.org.br\/wp-content\/uploads\/2023\/11\/5.jpg","width":1080,"height":1080},{"@type":"BreadcrumbList","@id":"https:\/\/senalbamg.org.br\/index.php\/juridico\/processos\/apae-de-sete-lagoas\/#breadcrumb","itemListElement":[{"@type":"ListItem","position":1,"name":"In\u00edcio","item":"https:\/\/senalbamg.org.br\/"},{"@type":"ListItem","position":2,"name":"Jur\u00eddico","item":"https:\/\/senalbamg.org.br\/index.php\/juridico\/"},{"@type":"ListItem","position":3,"name":"Processos","item":"https:\/\/senalbamg.org.br\/index.php\/juridico\/processos\/"},{"@type":"ListItem","position":4,"name":"Apae de Sete Lagoas"}]},{"@type":"WebSite","@id":"https:\/\/senalbamg.org.br\/#website","url":"https:\/\/senalbamg.org.br\/","name":"SENALBAMG","description":"Fortale\u00e7a seu sindicato!","publisher":{"@id":"https:\/\/senalbamg.org.br\/#organization"},"potentialAction":[{"@type":"SearchAction","target":{"@type":"EntryPoint","urlTemplate":"https:\/\/senalbamg.org.br\/?s={search_term_string}"},"query-input":{"@type":"PropertyValueSpecification","valueRequired":true,"valueName":"search_term_string"}}],"inLanguage":"pt-PT"},{"@type":"Organization","@id":"https:\/\/senalbamg.org.br\/#organization","name":"SENALBAMG","url":"https:\/\/senalbamg.org.br\/","logo":{"@type":"ImageObject","inLanguage":"pt-PT","@id":"https:\/\/senalbamg.org.br\/#\/schema\/logo\/image\/","url":"https:\/\/senalbamg.org.br\/wp-content\/uploads\/2025\/05\/Black-White-Letter-MD-Logo-Instagram-Post-Copia-1.jpg","contentUrl":"https:\/\/senalbamg.org.br\/wp-content\/uploads\/2025\/05\/Black-White-Letter-MD-Logo-Instagram-Post-Copia-1.jpg","width":1080,"height":504,"caption":"SENALBAMG"},"image":{"@id":"https:\/\/senalbamg.org.br\/#\/schema\/logo\/image\/"}}]}},"_links":{"self":[{"href":"https:\/\/senalbamg.org.br\/index.php\/wp-json\/wp\/v2\/pages\/470","targetHints":{"allow":["GET"]}}],"collection":[{"href":"https:\/\/senalbamg.org.br\/index.php\/wp-json\/wp\/v2\/pages"}],"about":[{"href":"https:\/\/senalbamg.org.br\/index.php\/wp-json\/wp\/v2\/types\/page"}],"author":[{"embeddable":true,"href":"https:\/\/senalbamg.org.br\/index.php\/wp-json\/wp\/v2\/users\/6"}],"replies":[{"embeddable":true,"href":"https:\/\/senalbamg.org.br\/index.php\/wp-json\/wp\/v2\/comments?post=470"}],"version-history":[{"count":1,"href":"https:\/\/senalbamg.org.br\/index.php\/wp-json\/wp\/v2\/pages\/470\/revisions"}],"predecessor-version":[{"id":471,"href":"https:\/\/senalbamg.org.br\/index.php\/wp-json\/wp\/v2\/pages\/470\/revisions\/471"}],"up":[{"embeddable":true,"href":"https:\/\/senalbamg.org.br\/index.php\/wp-json\/wp\/v2\/pages\/268"}],"wp:featuredmedia":[{"embeddable":true,"href":"https:\/\/senalbamg.org.br\/index.php\/wp-json\/wp\/v2\/media\/459"}],"wp:attachment":[{"href":"https:\/\/senalbamg.org.br\/index.php\/wp-json\/wp\/v2\/media?parent=470"}],"curies":[{"name":"wp","href":"https:\/\/api.w.org\/{rel}","templated":true}]}}