{"id":230,"date":"2023-09-25T12:57:51","date_gmt":"2023-09-25T15:57:51","guid":{"rendered":"https:\/\/senalbamg.org.br\/?page_id=230"},"modified":"2025-12-18T13:55:28","modified_gmt":"2025-12-18T16:55:28","slug":"acordos","status":"publish","type":"page","link":"https:\/\/senalbamg.org.br\/index.php\/acordos\/","title":{"rendered":"ACORDOS"},"content":{"rendered":"\n<div class=\"wp-block-group alignfull has-contrast-color has-text-color has-link-color wp-elements-4a169a6f13223ca85b97427abe3982f0 is-content-justification-space-between is-layout-flex wp-container-core-group-is-layout-fefaeca0 wp-block-group-is-layout-flex\" style=\"padding-top:var(--wp--preset--spacing--30);padding-right:var(--wp--preset--spacing--30);padding-bottom:var(--wp--preset--spacing--30);padding-left:var(--wp--preset--spacing--30)\"><h1 class=\"wp-block-site-title\"><a href=\"https:\/\/senalbamg.org.br\" target=\"_self\" rel=\"home\">SENALBAMG<\/a><\/h1>\n\n<nav class=\"is-responsive items-justified-right wp-block-navigation is-content-justification-right is-layout-flex wp-container-core-navigation-is-layout-3817c3ed wp-block-navigation-is-layout-flex\" aria-label=\"Acordos\" \n\t\t data-wp-interactive=\"core\/navigation\" data-wp-context='{\"overlayOpenedBy\":{\"click\":false,\"hover\":false,\"focus\":false},\"type\":\"overlay\",\"roleAttribute\":\"\",\"ariaLabel\":\"Menu\"}'><button aria-haspopup=\"dialog\" aria-label=\"Abrir menu\" class=\"wp-block-navigation__responsive-container-open always-shown\" \n\t\t\t\tdata-wp-on--click=\"actions.openMenuOnClick\"\n\t\t\t\tdata-wp-on--keydown=\"actions.handleMenuKeydown\"\n\t\t\t><svg width=\"24\" height=\"24\" xmlns=\"http:\/\/www.w3.org\/2000\/svg\" viewBox=\"0 0 24 24\" aria-hidden=\"true\" focusable=\"false\"><path d=\"M4 7.5h16v1.5H4z\"><\/path><path d=\"M4 15h16v1.5H4z\"><\/path><\/svg><\/button>\n\t\t\t\t<div class=\"wp-block-navigation__responsive-container hidden-by-default\"  id=\"modal-1\" \n\t\t\t\tdata-wp-class--has-modal-open=\"state.isMenuOpen\"\n\t\t\t\tdata-wp-class--is-menu-open=\"state.isMenuOpen\"\n\t\t\t\tdata-wp-watch=\"callbacks.initMenu\"\n\t\t\t\tdata-wp-on--keydown=\"actions.handleMenuKeydown\"\n\t\t\t\tdata-wp-on--focusout=\"actions.handleMenuFocusout\"\n\t\t\t\ttabindex=\"-1\"\n\t\t\t>\n\t\t\t\t\t<div class=\"wp-block-navigation__responsive-close\" tabindex=\"-1\">\n\t\t\t\t\t\t<div class=\"wp-block-navigation__responsive-dialog\" \n\t\t\t\tdata-wp-bind--aria-modal=\"state.ariaModal\"\n\t\t\t\tdata-wp-bind--aria-label=\"state.ariaLabel\"\n\t\t\t\tdata-wp-bind--role=\"state.roleAttribute\"\n\t\t\t>\n\t\t\t\t\t\t\t<button aria-label=\"Fechar menu\" class=\"wp-block-navigation__responsive-container-close\" \n\t\t\t\tdata-wp-on--click=\"actions.closeMenuOnClick\"\n\t\t\t><svg xmlns=\"http:\/\/www.w3.org\/2000\/svg\" viewBox=\"0 0 24 24\" width=\"24\" height=\"24\" aria-hidden=\"true\" focusable=\"false\"><path d=\"m13.06 12 6.47-6.47-1.06-1.06L12 10.94 5.53 4.47 4.47 5.53 10.94 12l-6.47 6.47 1.06 1.06L12 13.06l6.47 6.47 1.06-1.06L13.06 12Z\"><\/path><\/svg><\/button>\n\t\t\t\t\t\t\t<div class=\"wp-block-navigation__responsive-container-content\" \n\t\t\t\tdata-wp-watch=\"callbacks.focusFirstElement\"\n\t\t\t id=\"modal-1-content\">\n\t\t\t\t\t\t\t\t<ul class=\"wp-block-navigation__container is-responsive items-justified-right wp-block-navigation\"><li class=\" wp-block-navigation-item wp-block-navigation-link\"><a class=\"wp-block-navigation-item__content\"  href=\"https:\/\/senalbamg.org.br\/index.php\/acordos-e-convencoes2\/convencoes3\/2025-acts\/\"><span class=\"wp-block-navigation-item__label\">2025<\/span><\/a><\/li><\/ul>\n\t\t\t\t\t\t\t<\/div>\n\t\t\t\t\t\t<\/div>\n\t\t\t\t\t<\/div>\n\t\t\t\t<\/div><\/nav><\/div>\n\n\n\n<p><a tabindex=\"0\">2025<\/a><\/p>\n\n\n\n<p><a href=\"https:\/\/senalbamg.org.br\/wp-content\/uploads\/2025\/12\/ACT-IPSH-Darcy-Ribeiro-2025-2026-assinado-pelas-partes.pdf\">INSTITUTO DE PROMO\u00c7\u00c3O SOCIAL E HUMANA DARCY RIBEIRO<\/a><\/p>\n\n\n\n<p><a href=\"https:\/\/senalbamg.org.br\/wp-content\/uploads\/2025\/10\/ACT-ACE-Alem-Paraiba-versao-para-assinatura.pdf\" target=\"_blank\" rel=\"noreferrer noopener\">ACEAP &#8211; ASSOCIA\u00c7\u00c3O COMERCIAL E EMPRESARIAL DE AL\u00c9M PARA\u00cdBA<\/a><\/p>\n\n\n\n<p><a href=\"https:\/\/senalbamg.org.br\/wp-content\/uploads\/2025\/10\/ACT-ASMG-2025-2026-assinado.pdf\" target=\"_blank\" rel=\"noreferrer noopener\">ASMG &#8211; Associa\u00e7\u00e3o dos Surdos de Minas Gerais<\/a><\/p>\n\n\n\n<p><a href=\"https:\/\/senalbamg.org.br\/act-ppr-2025-senalba_-25-09-21\/\">PPR &#8211; SESI, SENAI, IEL E CIEMG<\/a><\/p>\n\n\n\n<p><a href=\"https:\/\/senalbamg.org.br\/wp-content\/uploads\/2025\/10\/ACT_Revisao_AJU_26-09-2025_assinado.pdf\">FUMP &#8211; Funda\u00e7\u00e3o Mendes Pimentel<\/a><\/p>\n\n\n\n<p><a href=\"https:\/\/senalbamg.org.br\/wp-content\/uploads\/2025\/10\/ACT-FGR-Stefania-18-09-25-1.pdf\">Funda\u00e7\u00e3o Guimar\u00e3es Rosa<\/a><\/p>\n\n\n\n<p><a href=\"https:\/\/senalbamg.org.br\/wp-content\/uploads\/2025\/09\/ACT-Creche-Morada-Nova-Nova-Stefania-19-08-25-1_0001.pdf\" target=\"_blank\" rel=\"noreferrer noopener\">Creche Morada Nova<\/a><\/p>\n\n\n\n<p><a href=\"https:\/\/senalbamg.org.br\/wp-content\/uploads\/2025\/09\/CENTRO-DE-REFERENCIA.pdf\">Centro de Refer\u00eancia a Crian\u00e7a e ao adolescente<\/a><\/p>\n\n\n\n<p><a href=\"https:\/\/senalbamg.org.br\/wp-content\/uploads\/2025\/09\/46-ACT-INSTITUTO-JOSE-LUIZ-FERREIRA-VC-10-09-25.pdf\">INSTITUTO JOS\u00c9 LUIZ FERREIRA<\/a><\/p>\n\n\n\n<p><a href=\"https:\/\/senalbamg.org.br\/wp-content\/uploads\/2025\/06\/20-ACT-CRECHE-CELINA-VIEGAS-VS-ASSINADO-13-05-25-1.pdf\">ASSOCIA\u00c7\u00c3O DOS MORADORES E AMIGOS DO BAIRRO S\u00c3O JOS\u00c9 OPER\u00c1RIO MANTEDORA DO CENTRO INFANTIL CELINA RESENDE VIEGAS \u2013 Publicado em 03 de Junho de 2025<\/a><\/p>\n\n\n\n<p><a href=\"https:\/\/senalbamg.org.br\/wp-content\/uploads\/2025\/06\/13-ACT-ASSOCIACAO-SAO-VICENTE-DE-PAULO-DE-BELO-HORIZONTE-ASSINADO-12-05-25.pdf\">ASSOCIA\u00c7\u00c3O S\u00c3O VICENTE DE PAULO DE BELO HORIZONTE \u2013 Publicado em 03 de junho de 2025<\/a><\/p>\n\n\n\n<p><a href=\"https:\/\/senalbamg.org.br\/wp-content\/uploads\/2025\/05\/ACT-CASA-ESPIRITA-URBANO-ASSINADO.pdf\">CASA ESP\u00cdRITA URBANO \u2013 Publicado dia 15 de Maio de 2025<\/a><\/p>\n\n\n\n<p><a href=\"https:\/\/senalbamg.org.br\/wp-content\/uploads\/2025\/06\/24-ACT-CENTRO-COMUNITARIO-DE-EDUCACAO-INFANTIL-INSTITUTO-TIA-LUCIA-VS-ASSINADA-22-05-25-1-1.pdf\">CENTRO COMUNITARIO DE EDUCACAO INFANTIL INSTITUTO TIA LUCIA \u2013 Publicado em 03 de Junho de 2025<\/a><\/p>\n\n\n\n<p><a href=\"https:\/\/senalbamg.org.br\/wp-content\/uploads\/2025\/05\/04-ACT-COMPANHIA-DE-MARIA-ANECOM-CESECOM-VS-ASSINADA-15-05-25-2.pdf\">COMPANHIA DE MARIA ANECOM \u2013 CESECOM \u2013 Publicado em 30 de maio de 2025<\/a><\/p>\n\n\n\n<p><a href=\"https:\/\/senalbamg.org.br\/wp-content\/uploads\/2025\/06\/18-ACT-CRECHE-COMUNITARIA-DA-VILA-CEMIG-VS-22-05-25-4.pdf\">CRECHE COMUNIT\u00c1RIA DA VILA CEMIG \u2013 publicado em 03 de Junho de 2025<\/a><\/p>\n\n\n\n<p><a href=\"https:\/\/senalbamg.org.br\/wp-content\/uploads\/2025\/06\/17-ACT-CRECHE-COM-DO-BAIRRO-STA-CECILIA-JOAO-AUGUSTO-BITARAES-FILHOS-DE-DEUS-VS-20-05-25-4-2.pdf\">CRECHE COMUNIT\u00c1RIA DO BAIRRO SANTA CEC\u00cdLIA JO\u00c3O AUGUSTO BITAR\u0100ES FILHOS DE DEUS \u2013 Publicado em 03 de junho de 2025<\/a><\/p>\n\n\n\n<p><a href=\"https:\/\/senalbamg.org.br\/wp-content\/uploads\/2025\/05\/ACT-CRECHE-COMUNITARIA-PINGO-DE-GENTE.pdf\">Creche Comunit\u00e1ria Pingo de Gente \u2013 Publicado dia 15 de maio de 2025<\/a><\/p>\n\n\n\n<p><a href=\"https:\/\/senalbamg.org.br\/wp-content\/uploads\/2025\/07\/Acordao-de-creches.pdf\">CRECHE DORA RIBEIRO \u2013 Publicado em 02 de Julho de 2025<\/a><\/p>\n\n\n\n<p><a href=\"https:\/\/senalbamg.org.br\/wp-content\/uploads\/2025\/07\/Acordao-de-creches.pdf\">CRECHE ETELVINA CAETANO DE JESUS \u2013 Publicado em 02 de Julho de 2025<\/a><\/p>\n\n\n\n<p><a href=\"https:\/\/senalbamg.org.br\/wp-content\/uploads\/2025\/07\/Acordao-de-creches.pdf\">CRECHE COMUNITARIA DOM GIUSSANI \u2013 Publicado em 02 de Julho de 2025<\/a><\/p>\n\n\n\n<p><a href=\"https:\/\/senalbamg.org.br\/wp-content\/uploads\/2025\/06\/21-ACT-CRECHE-CRIANCA-FELIZ-DA-COMUNIDADE-AMIGOS-DO-BAIRRO-CAETANO-FURQUIM-VS-ASSINADA-19-05-25-2.pdf\">CRECHE CRIANCA FELIZ DA COMUNIDADE AMIGOS DO BAIRRO CAETANO FURQUIM \u2013 Publicado em 03 de Junho de 2025<\/a><\/p>\n\n\n\n<p><a href=\"https:\/\/senalbamg.org.br\/wp-content\/uploads\/2025\/05\/06-ACT-CRECHE-DOM-BOSCO-VS-ASSINADO-14-05-25-3.pdf\">CRECHE DOM BOSCO \u2013 Publicado em 30 de maio de 2025<\/a><\/p>\n\n\n\n<p><a href=\"https:\/\/senalbamg.org.br\/wp-content\/uploads\/2025\/05\/16-ACT-INSTITUTO-BETANIA-PRIMEIROS-PASSOS-VS-ASSINADO-13-05-25-1.pdf\">INSTITUTO BET\u00c2NIA PRIMEIROS PASSOS \u2013 Publicado 30 de maio de 2025<\/a><\/p>\n\n\n\n<p><a href=\"https:\/\/senalbamg.org.br\/wp-content\/uploads\/2025\/06\/26-ACT-INSTITUTO-DE-DESENVOLVIMENTO-SOCIAL-ARCA-DA-ALIANCA-VS-27-05-25.pdf\">INSTITUTO DE DESENVOLVIMENTO SOCIAL ARCA DA ALIAN\u00c7A \u2013 Publicado dia 03 de Junho 2025<\/a><\/p>\n\n\n\n<p><a href=\"https:\/\/senalbamg.org.br\/wp-content\/uploads\/2025\/05\/ACT-MOVIMENTO-SOCIAL-DE-PROMOCAO-HUMANA.pdf\">Movimento Social de Promo\u00e7\u00e3o Humana \u2013 Publicado dia 15 de maio de 2025<\/a><\/p>\n\n\n\n<p><a href=\"https:\/\/senalbamg.org.br\/wp-content\/uploads\/2025\/06\/12-ACT-MOVIMENTO-SOCIAL-DE-PROMOCAO-HUMANA-VS-ASSINADO-09-05-25.pdf\">MOVIMENTO SOCIAL DE PROMO\u00c7\u00c3O HUMANA \u2013 Publicado em 03 de junho de 2025<\/a><\/p>\n\n\n\n<p><a href=\"https:\/\/senalbamg.org.br\/wp-content\/uploads\/2025\/07\/Acordao-de-creches.pdf\">OBRAS EDUCATIVAS DO JARDIM FELICIDADE \u2013 Publicado em&nbsp; 02 de Julho DE 2025<\/a><\/p>\n\n\n\n<p><a href=\"https:\/\/senalbamg.org.br\/wp-content\/uploads\/2025\/07\/ACT-SESI-SENAI-IEL-CIEMG-2025-2026-1.pdf\" target=\"_blank\" rel=\"noopener\">SESI, SENAI, IEL E CIEMG \u2013 ACORDO COLETIVO 2025-2026 \u2013 PUBLICADO EM 22 DE JULHO<\/a><\/p>\n\n\n\n<p><a href=\"https:\/\/senalbamg.org.br\/wp-content\/uploads\/2025\/07\/ACT-Senalba_Jornadas-Especiais-SESI-SENAI-IEL-CIEMG-2025-2026-1.pdf\" target=\"_blank\" rel=\"noopener\">SESI, SENAI, IEL E CIEMG- JORNADAS ESPECIAIS 2025-2026 \u2013 PUBLICADO EM 22 DE JULHO<\/a><\/p>\n\n\n\n<p><a tabindex=\"0\">2024<\/a><\/p>\n\n\n\n<p>A\u00c7\u00c3O SOCIAL T\u00c9CNICA \u2013 <a href=\"https:\/\/senalbamg.org.br\/wp-content\/uploads\/2024\/10\/ACT-ACAO-SOCIAL-TECNICA-REGISTRADO.pdf\"><strong>Clique aqui para Baixar<\/strong><\/a><\/p>\n\n\n\n<p>ACORD\u00c3O 1 : <a href=\"https:\/\/senalbamg.org.br\/wp-content\/uploads\/2024\/10\/ACORDAO-JARDIM-FELICIDADE-DORA-RIBEIRO-DOM-GIUSSANI-CAETANO-DE-JESUS-REGISTRADO.pdf\"><strong>Clique aqui para baixar<\/strong><\/a><\/p>\n\n\n\n<p>OBRAS EDUCATIVAS JARDIM FELICIDADE, CNPJ n. 65.164.832\/0001-99,&nbsp;<br>CRECHE DORA RIBEIRO, CNPJ n. 02.573.967\/0001-98,&nbsp;<br>CRECHE COMUNITARIA DOM GIUSSANI, CNPJ n. 07.449.391\/0001-75,&nbsp;<br>CRECHE ETELVINA CAETANO DE JESUS, CNPJ n. 23.253.255\/0001-61<\/p>\n\n\n\n<p>ACORD\u00c3O 2: <strong>Clique aqui para baixar<\/strong><\/p>\n\n\n\n<p>INSTITUTO DE DESENVOLVIMENTO ECONOMICO E SOCIAL DE MINAS GERAIS, CNPJ n. 08.888.070\/0001-30,<br>INSTITUTO DE DESENVOLVIMENTO HUMANO NOSSA SENHORA APARECIDA, CNPJ n. 22.732.317\/0001-55,&nbsp;<br>INSTITUTO SHEKINAH BETIM.<\/p>\n\n\n\n<p>ACORD\u00c3O 3 \u2013 BETIM: <strong><a href=\"https:\/\/senalbamg.org.br\/wp-content\/uploads\/2025\/05\/Mediador-Extrato-Acordo-Coletivo.pdf\">Clique aqui para baixar<\/a><\/strong><\/p>\n\n\n\n<p>Associa\u00e7\u00e3o dos criadores de gado Holand\u00eas de Minas Gerais \u2013 <a href=\"https:\/\/senalbamg.org.br\/wp-content\/uploads\/2024\/11\/ACT-GADO-HLANDES-ASSINADO.pdf\">Clique aqui para baixar<\/a><\/p>\n\n\n\n<p>Funda\u00e7\u00e3o Guimar\u00e3es Rosa:<\/p>\n\n\n\n<p>1 . <strong><a href=\"https:\/\/senalbamg.org.br\/wp-content\/uploads\/2024\/11\/ACT-FUND.-GUIMARAES-ROSA-2024-2025-ASSINADO-PELAS-PARTES.pdf\">Acordo Coletivo<\/a><\/strong><\/p>\n\n\n\n<p>2.<strong> <a href=\"https:\/\/senalbamg.org.br\/wp-content\/uploads\/2024\/11\/ADITIVO-ASSINADO-PELAS-PARTES.pdf\">Aditivo&nbsp;<\/a>&nbsp;<\/strong><\/p>\n\n\n\n<p>Sesi, Senai e IEL 2024:<\/p>\n\n\n\n<ol class=\"wp-block-list\">\n<li><strong><a href=\"https:\/\/senalbamg.org.br\/wp-content\/uploads\/2024\/09\/ACT-SESI-SENAI_2024_26.08.24_ASSINADO.pdf\">Acordo Coletivo<\/a>&nbsp;<\/strong><\/li>\n\n\n\n<li><strong><a href=\"https:\/\/senalbamg.org.br\/wp-content\/uploads\/2024\/09\/ACT-PPR-2024-SENALBA-004-3.pdf\">Acordo PPR<\/a><\/strong><\/li>\n\n\n\n<li><strong><a href=\"https:\/\/senalbamg.org.br\/wp-content\/uploads\/2024\/09\/ACT-JORNADAS-ESPECIAIS2024-SENALBA.pdf\">Acordo Jornadas Especiais<\/a><\/strong><\/li>\n<\/ol>\n\n\n\n<p><a href=\"https:\/\/senalbamg.org.br\/wp-content\/uploads\/2025\/05\/MINUTA-ACT-FUNDAFFEMG-2024-2025_-Final.pdf\">FUNDAFFEMG<\/a><\/p>\n\n\n\n<p><a tabindex=\"0\">2023<\/a><\/p>\n\n\n\n<p>AFFEMG \u2013&nbsp;<a href=\"https:\/\/senalbamg.org.br\/wp-content\/uploads\/2025\/08\/ACT-AFFEMG-2023-ASSINADO.pdf\">ACT AFFEMG 2023 ASSINADO<\/a><\/p>\n\n\n\n<p><a href=\"https:\/\/senalbamg.org.br\/wp-content\/uploads\/2023\/12\/ACT-SENALBA-2023-1.pdf\">SESI SENAI \u2013 Clique aqui<\/a><\/p>\n\n\n\n<p><a href=\"https:\/\/senalbamg.org.br\/wp-content\/uploads\/2023\/12\/ACT-FUND.-GUIMARAES-ROSA-2023-ASSINADO-PELAS-PARTES22.pdf\">FGR \u2013 Funda\u00e7\u00e3o Guimar\u00e3es Rosa \u2013 Clique aqui<\/a><\/p>\n\n\n\n<p><a href=\"https:\/\/senalbamg.org.br\/wp-content\/uploads\/2024\/02\/ACT-FUMP-2023-2024-ASSINADO-PELAS-PARTES.pdf\" target=\"_blank\" rel=\"noopener\">Fump \u2013 Funda\u00e7\u00e3o Mendes Pimentel \u2013 Publicado em 26\/02\/2024 \u2013 Prazo de oposi\u00e7\u00e3o 26\/02 a 29\/02<\/a> \u2013 Respeitando o prazo de 72 horas ap\u00f3s a publica\u00e7\u00e3o, conforme previsto no Acordo coletivo de trabalho, CL\u00c1USULA QUADRAG\u00c9SIMA SEGUNDA, PAR\u00c1GRAFO SEGUNDO:<\/p>\n\n\n\n<p>Par\u00e1grafo segundo \u2013 Os trabalhadores que optarem por se opor \u00e0 realiza\u00e7\u00e3o do desconto referido no par\u00e1grafo anterior<b> dever\u00e3o manifest\u00e1-la, por meio do envio, via Correios, de carta de oposi\u00e7\u00e3o, a ser registrada com AR (Aviso de Recebimento), de forma individual, para o endere\u00e7o \u2013 Rua Plombagina, n\u00ba 605 \u2013 Bairro Floresta \u2013 Belo Horizonte\/MG \u2013 CEP: 31110-090, no prazo de 72 (setenta e duas) horas, contados da publica\u00e7\u00e3o da cl\u00e1usula do acordo coletivo no site da entidade sindical (<u>PUBLICA\u00c7\u00c3O REALIZADA EM 26\/02\/2024).<\/u>&nbsp;<\/b>A carta enviada individualmente que contiver diversos pedidos de oposi\u00e7\u00e3o n\u00e3o ser\u00e3o aceitas. Desta forma, a expressa e pr\u00e9via oposi\u00e7\u00e3o ao desconto fica em conformidade com a Nota T\u00e9cnica n\u00ba 2 da CONALIS, com exce\u00e7\u00e3o dos s\u00f3cios do sindicato.&nbsp;<\/p>\n\n\n\n<p>*Errata: Houve um erro de digita\u00e7\u00e3o que descrevia o prazo de oposi\u00e7\u00e3o de 26\/02 a 29\/05, contudo conforme descrito acima a dara correta \u00e9 29\/02, respeitando a 72 horas descrita no acordo coletivo de trabalho.<\/p>\n\n\n\n<p><a href=\"https:\/\/senalbamg.org.br\/wp-content\/uploads\/2024\/03\/ACT_ANIMA_ASSINADO1.pdf\" target=\"_blank\" rel=\"noopener\">&nbsp;INSTITUTO \u00c2NIMA SOCIEDADE DE INOVA\u00c7\u00c3O, PESQUISA E CULTURA \u2013 Publicado em 01\/03\/2024<\/a><br><a tabindex=\"0\">2022<\/a><\/p>\n","protected":false},"excerpt":{"rendered":"<p>2025 INSTITUTO DE PROMO\u00c7\u00c3O SOCIAL E HUMANA DARCY RIBEIRO ACEAP &#8211; ASSOCIA\u00c7\u00c3O COMERCIAL E EMPRESARIAL<\/p>\n","protected":false},"author":2,"featured_media":0,"parent":0,"menu_order":0,"comment_status":"closed","ping_status":"closed","template":"","meta":{"footnotes":""},"class_list":["post-230","page","type-page","status-publish","hentry"],"yoast_head":"<!-- This site is optimized with the Yoast SEO plugin v25.1 - https:\/\/yoast.com\/wordpress\/plugins\/seo\/ -->\n<title>ACORDOS - SENALBAMG<\/title>\n<meta name=\"robots\" content=\"index, follow, max-snippet:-1, max-image-preview:large, max-video-preview:-1\" \/>\n<link rel=\"canonical\" href=\"https:\/\/senalbamg.org.br\/index.php\/acordos\/\" \/>\n<meta property=\"og:locale\" content=\"pt_PT\" \/>\n<meta property=\"og:type\" content=\"article\" \/>\n<meta property=\"og:title\" content=\"ACORDOS - SENALBAMG\" \/>\n<meta property=\"og:description\" content=\"2025 INSTITUTO DE PROMO\u00c7\u00c3O SOCIAL E HUMANA DARCY RIBEIRO ACEAP &#8211; ASSOCIA\u00c7\u00c3O COMERCIAL E EMPRESARIAL\" \/>\n<meta property=\"og:url\" content=\"https:\/\/senalbamg.org.br\/index.php\/acordos\/\" \/>\n<meta property=\"og:site_name\" content=\"SENALBAMG\" \/>\n<meta property=\"article:modified_time\" content=\"2025-12-18T16:55:28+00:00\" \/>\n<meta name=\"twitter:card\" content=\"summary_large_image\" \/>\n<meta name=\"twitter:label1\" content=\"Tempo estimado de leitura\" \/>\n\t<meta name=\"twitter:data1\" content=\"4 minutos\" \/>\n<script type=\"application\/ld+json\" class=\"yoast-schema-graph\">{\"@context\":\"https:\/\/schema.org\",\"@graph\":[{\"@type\":\"WebPage\",\"@id\":\"https:\/\/senalbamg.org.br\/index.php\/acordos\/\",\"url\":\"https:\/\/senalbamg.org.br\/index.php\/acordos\/\",\"name\":\"ACORDOS - SENALBAMG\",\"isPartOf\":{\"@id\":\"https:\/\/senalbamg.org.br\/#website\"},\"datePublished\":\"2023-09-25T15:57:51+00:00\",\"dateModified\":\"2025-12-18T16:55:28+00:00\",\"breadcrumb\":{\"@id\":\"https:\/\/senalbamg.org.br\/index.php\/acordos\/#breadcrumb\"},\"inLanguage\":\"pt-PT\",\"potentialAction\":[{\"@type\":\"ReadAction\",\"target\":[\"https:\/\/senalbamg.org.br\/index.php\/acordos\/\"]}]},{\"@type\":\"BreadcrumbList\",\"@id\":\"https:\/\/senalbamg.org.br\/index.php\/acordos\/#breadcrumb\",\"itemListElement\":[{\"@type\":\"ListItem\",\"position\":1,\"name\":\"In\u00edcio\",\"item\":\"https:\/\/senalbamg.org.br\/\"},{\"@type\":\"ListItem\",\"position\":2,\"name\":\"ACORDOS\"}]},{\"@type\":\"WebSite\",\"@id\":\"https:\/\/senalbamg.org.br\/#website\",\"url\":\"https:\/\/senalbamg.org.br\/\",\"name\":\"SENALBAMG\",\"description\":\"Fortale\u00e7a seu sindicato!\",\"publisher\":{\"@id\":\"https:\/\/senalbamg.org.br\/#organization\"},\"potentialAction\":[{\"@type\":\"SearchAction\",\"target\":{\"@type\":\"EntryPoint\",\"urlTemplate\":\"https:\/\/senalbamg.org.br\/?s={search_term_string}\"},\"query-input\":{\"@type\":\"PropertyValueSpecification\",\"valueRequired\":true,\"valueName\":\"search_term_string\"}}],\"inLanguage\":\"pt-PT\"},{\"@type\":\"Organization\",\"@id\":\"https:\/\/senalbamg.org.br\/#organization\",\"name\":\"SENALBAMG\",\"url\":\"https:\/\/senalbamg.org.br\/\",\"logo\":{\"@type\":\"ImageObject\",\"inLanguage\":\"pt-PT\",\"@id\":\"https:\/\/senalbamg.org.br\/#\/schema\/logo\/image\/\",\"url\":\"https:\/\/senalbamg.org.br\/wp-content\/uploads\/2025\/05\/Black-White-Letter-MD-Logo-Instagram-Post-Copia-1.jpg\",\"contentUrl\":\"https:\/\/senalbamg.org.br\/wp-content\/uploads\/2025\/05\/Black-White-Letter-MD-Logo-Instagram-Post-Copia-1.jpg\",\"width\":1080,\"height\":504,\"caption\":\"SENALBAMG\"},\"image\":{\"@id\":\"https:\/\/senalbamg.org.br\/#\/schema\/logo\/image\/\"}}]}<\/script>\n<!-- \/ Yoast SEO plugin. -->","yoast_head_json":{"title":"ACORDOS - SENALBAMG","robots":{"index":"index","follow":"follow","max-snippet":"max-snippet:-1","max-image-preview":"max-image-preview:large","max-video-preview":"max-video-preview:-1"},"canonical":"https:\/\/senalbamg.org.br\/index.php\/acordos\/","og_locale":"pt_PT","og_type":"article","og_title":"ACORDOS - SENALBAMG","og_description":"2025 INSTITUTO DE PROMO\u00c7\u00c3O SOCIAL E HUMANA DARCY RIBEIRO ACEAP &#8211; ASSOCIA\u00c7\u00c3O COMERCIAL E EMPRESARIAL","og_url":"https:\/\/senalbamg.org.br\/index.php\/acordos\/","og_site_name":"SENALBAMG","article_modified_time":"2025-12-18T16:55:28+00:00","twitter_card":"summary_large_image","twitter_misc":{"Tempo estimado de leitura":"4 minutos"},"schema":{"@context":"https:\/\/schema.org","@graph":[{"@type":"WebPage","@id":"https:\/\/senalbamg.org.br\/index.php\/acordos\/","url":"https:\/\/senalbamg.org.br\/index.php\/acordos\/","name":"ACORDOS - SENALBAMG","isPartOf":{"@id":"https:\/\/senalbamg.org.br\/#website"},"datePublished":"2023-09-25T15:57:51+00:00","dateModified":"2025-12-18T16:55:28+00:00","breadcrumb":{"@id":"https:\/\/senalbamg.org.br\/index.php\/acordos\/#breadcrumb"},"inLanguage":"pt-PT","potentialAction":[{"@type":"ReadAction","target":["https:\/\/senalbamg.org.br\/index.php\/acordos\/"]}]},{"@type":"BreadcrumbList","@id":"https:\/\/senalbamg.org.br\/index.php\/acordos\/#breadcrumb","itemListElement":[{"@type":"ListItem","position":1,"name":"In\u00edcio","item":"https:\/\/senalbamg.org.br\/"},{"@type":"ListItem","position":2,"name":"ACORDOS"}]},{"@type":"WebSite","@id":"https:\/\/senalbamg.org.br\/#website","url":"https:\/\/senalbamg.org.br\/","name":"SENALBAMG","description":"Fortale\u00e7a seu sindicato!","publisher":{"@id":"https:\/\/senalbamg.org.br\/#organization"},"potentialAction":[{"@type":"SearchAction","target":{"@type":"EntryPoint","urlTemplate":"https:\/\/senalbamg.org.br\/?s={search_term_string}"},"query-input":{"@type":"PropertyValueSpecification","valueRequired":true,"valueName":"search_term_string"}}],"inLanguage":"pt-PT"},{"@type":"Organization","@id":"https:\/\/senalbamg.org.br\/#organization","name":"SENALBAMG","url":"https:\/\/senalbamg.org.br\/","logo":{"@type":"ImageObject","inLanguage":"pt-PT","@id":"https:\/\/senalbamg.org.br\/#\/schema\/logo\/image\/","url":"https:\/\/senalbamg.org.br\/wp-content\/uploads\/2025\/05\/Black-White-Letter-MD-Logo-Instagram-Post-Copia-1.jpg","contentUrl":"https:\/\/senalbamg.org.br\/wp-content\/uploads\/2025\/05\/Black-White-Letter-MD-Logo-Instagram-Post-Copia-1.jpg","width":1080,"height":504,"caption":"SENALBAMG"},"image":{"@id":"https:\/\/senalbamg.org.br\/#\/schema\/logo\/image\/"}}]}},"_links":{"self":[{"href":"https:\/\/senalbamg.org.br\/index.php\/wp-json\/wp\/v2\/pages\/230","targetHints":{"allow":["GET"]}}],"collection":[{"href":"https:\/\/senalbamg.org.br\/index.php\/wp-json\/wp\/v2\/pages"}],"about":[{"href":"https:\/\/senalbamg.org.br\/index.php\/wp-json\/wp\/v2\/types\/page"}],"author":[{"embeddable":true,"href":"https:\/\/senalbamg.org.br\/index.php\/wp-json\/wp\/v2\/users\/2"}],"replies":[{"embeddable":true,"href":"https:\/\/senalbamg.org.br\/index.php\/wp-json\/wp\/v2\/comments?post=230"}],"version-history":[{"count":154,"href":"https:\/\/senalbamg.org.br\/index.php\/wp-json\/wp\/v2\/pages\/230\/revisions"}],"predecessor-version":[{"id":2683,"href":"https:\/\/senalbamg.org.br\/index.php\/wp-json\/wp\/v2\/pages\/230\/revisions\/2683"}],"wp:attachment":[{"href":"https:\/\/senalbamg.org.br\/index.php\/wp-json\/wp\/v2\/media?parent=230"}],"curies":[{"name":"wp","href":"https:\/\/api.w.org\/{rel}","templated":true}]}}