{"id":18,"date":"2023-09-25T02:17:04","date_gmt":"2023-09-25T05:17:04","guid":{"rendered":"https:\/\/senalbamg.org.br\/?page_id=18"},"modified":"2025-04-03T13:56:15","modified_gmt":"2025-04-03T16:56:15","slug":"o-senalba","status":"publish","type":"page","link":"https:\/\/senalbamg.org.br\/index.php\/o-senalba\/","title":{"rendered":"Quem Somos"},"content":{"rendered":"<h1>Conhe\u00e7a o Senalba MG<\/h1>\t\t\t\t\n\t\t\t\t\t\t\t<a href=\"https:\/\/senalbamg.org.br\/wp-content\/uploads\/2025\/04\/IMG_0684-scaled.jpg\" data-elementor-open-lightbox=\"yes\" data-elementor-lightbox-slideshow=\"e0f6715\" data-elementor-lightbox-title=\"IMG_0684\" data-e-action-hash=\"#elementor-action%3Aaction%3Dlightbox%26settings%3DeyJpZCI6MTc5OCwidXJsIjoiaHR0cHM6XC9cL3NlbmFsYmFtZy5vcmcuYnJcL3dwLWNvbnRlbnRcL3VwbG9hZHNcLzIwMjVcLzA0XC9JTUdfMDY4NC1zY2FsZWQuanBnIiwic2xpZGVzaG93IjoiZTBmNjcxNSJ9\">\n\t\t\t\t\t\t\t\t\t\t\t\t\t\t<\/a>\n\t\t\t\t\t\t\t<a href=\"https:\/\/senalbamg.org.br\/wp-content\/uploads\/2025\/04\/IMG_0681-scaled.jpg\" data-elementor-open-lightbox=\"yes\" data-elementor-lightbox-slideshow=\"e0f6715\" data-elementor-lightbox-title=\"IMG_0681\" data-e-action-hash=\"#elementor-action%3Aaction%3Dlightbox%26settings%3DeyJpZCI6MTc5NywidXJsIjoiaHR0cHM6XC9cL3NlbmFsYmFtZy5vcmcuYnJcL3dwLWNvbnRlbnRcL3VwbG9hZHNcLzIwMjVcLzA0XC9JTUdfMDY4MS1zY2FsZWQuanBnIiwic2xpZGVzaG93IjoiZTBmNjcxNSJ9\">\n\t\t\t\t\t\t\t\t\t\t\t\t\t\t<\/a>\n\t\t\t\t\t\t\t<a href=\"https:\/\/senalbamg.org.br\/wp-content\/uploads\/2025\/04\/IMG_0668.jpg\" data-elementor-open-lightbox=\"yes\" data-elementor-lightbox-slideshow=\"e0f6715\" data-elementor-lightbox-title=\"IMG_0668\" data-e-action-hash=\"#elementor-action%3Aaction%3Dlightbox%26settings%3DeyJpZCI6MTc5NiwidXJsIjoiaHR0cHM6XC9cL3NlbmFsYmFtZy5vcmcuYnJcL3dwLWNvbnRlbnRcL3VwbG9hZHNcLzIwMjVcLzA0XC9JTUdfMDY2OC5qcGciLCJzbGlkZXNob3ciOiJlMGY2NzE1In0%3D\">\n\t\t\t\t\t\t\t\t\t\t\t\t\t\t<\/a>\n\t\t\t\t\t\t\t<a href=\"https:\/\/senalbamg.org.br\/wp-content\/uploads\/2025\/04\/IMG_0659.jpg\" data-elementor-open-lightbox=\"yes\" data-elementor-lightbox-slideshow=\"e0f6715\" data-elementor-lightbox-title=\"IMG_0659\" data-e-action-hash=\"#elementor-action%3Aaction%3Dlightbox%26settings%3DeyJpZCI6MTc5NSwidXJsIjoiaHR0cHM6XC9cL3NlbmFsYmFtZy5vcmcuYnJcL3dwLWNvbnRlbnRcL3VwbG9hZHNcLzIwMjVcLzA0XC9JTUdfMDY1OS5qcGciLCJzbGlkZXNob3ciOiJlMGY2NzE1In0%3D\">\n\t\t\t\t\t\t\t\t\t\t\t\t\t\t<\/a>\n\t\t\t\t\t\t\t<a href=\"https:\/\/senalbamg.org.br\/wp-content\/uploads\/2025\/04\/IMG-20150526-WA0023.jpg\" data-elementor-open-lightbox=\"yes\" data-elementor-lightbox-slideshow=\"e0f6715\" data-elementor-lightbox-title=\"IMG-20150526-WA0023\" data-e-action-hash=\"#elementor-action%3Aaction%3Dlightbox%26settings%3DeyJpZCI6MTc5NCwidXJsIjoiaHR0cHM6XC9cL3NlbmFsYmFtZy5vcmcuYnJcL3dwLWNvbnRlbnRcL3VwbG9hZHNcLzIwMjVcLzA0XC9JTUctMjAxNTA1MjYtV0EwMDIzLmpwZyIsInNsaWRlc2hvdyI6ImUwZjY3MTUifQ%3D%3D\">\n\t\t\t\t\t\t\t\t\t\t\t\t\t\t<\/a>\n\t\t\t\t\t\t\t<a href=\"https:\/\/senalbamg.org.br\/wp-content\/uploads\/2025\/04\/IMG-20150526-WA0019.jpg\" data-elementor-open-lightbox=\"yes\" data-elementor-lightbox-slideshow=\"e0f6715\" data-elementor-lightbox-title=\"IMG-20150526-WA0019\" data-e-action-hash=\"#elementor-action%3Aaction%3Dlightbox%26settings%3DeyJpZCI6MTc5MywidXJsIjoiaHR0cHM6XC9cL3NlbmFsYmFtZy5vcmcuYnJcL3dwLWNvbnRlbnRcL3VwbG9hZHNcLzIwMjVcLzA0XC9JTUctMjAxNTA1MjYtV0EwMDE5LmpwZyIsInNsaWRlc2hvdyI6ImUwZjY3MTUifQ%3D%3D\">\n\t\t\t\t\t\t\t\t\t\t\t\t\t\t<\/a>\n\t\t\t\t\t\t\t<a href=\"https:\/\/senalbamg.org.br\/wp-content\/uploads\/2025\/04\/IMG-20150526-WA0020.jpg\" data-elementor-open-lightbox=\"yes\" data-elementor-lightbox-slideshow=\"e0f6715\" data-elementor-lightbox-title=\"IMG-20150526-WA0020\" data-e-action-hash=\"#elementor-action%3Aaction%3Dlightbox%26settings%3DeyJpZCI6MTc5MiwidXJsIjoiaHR0cHM6XC9cL3NlbmFsYmFtZy5vcmcuYnJcL3dwLWNvbnRlbnRcL3VwbG9hZHNcLzIwMjVcLzA0XC9JTUctMjAxNTA1MjYtV0EwMDIwLmpwZyIsInNsaWRlc2hvdyI6ImUwZjY3MTUifQ%3D%3D\">\n\t\t\t\t\t\t\t\t\t\t\t\t\t\t<\/a>\n\t\t\t\t\t\t\t<a href=\"https:\/\/senalbamg.org.br\/wp-content\/uploads\/2025\/04\/P_20150526_103304-scaled.jpg\" data-elementor-open-lightbox=\"yes\" data-elementor-lightbox-slideshow=\"e0f6715\" data-elementor-lightbox-title=\"Jpeg\" data-e-action-hash=\"#elementor-action%3Aaction%3Dlightbox%26settings%3DeyJpZCI6MTc5MSwidXJsIjoiaHR0cHM6XC9cL3NlbmFsYmFtZy5vcmcuYnJcL3dwLWNvbnRlbnRcL3VwbG9hZHNcLzIwMjVcLzA0XC9QXzIwMTUwNTI2XzEwMzMwNC1zY2FsZWQuanBnIiwic2xpZGVzaG93IjoiZTBmNjcxNSJ9\">\n\t\t\t\t\t\t\t\t\t\t\t\t\t\t<\/a>\n\t\t\t\t\t\t\t<a href=\"https:\/\/senalbamg.org.br\/wp-content\/uploads\/2025\/04\/P_20150526_103050-scaled.jpg\" data-elementor-open-lightbox=\"yes\" data-elementor-lightbox-slideshow=\"e0f6715\" data-elementor-lightbox-title=\"Jpeg\" data-e-action-hash=\"#elementor-action%3Aaction%3Dlightbox%26settings%3DeyJpZCI6MTc5MCwidXJsIjoiaHR0cHM6XC9cL3NlbmFsYmFtZy5vcmcuYnJcL3dwLWNvbnRlbnRcL3VwbG9hZHNcLzIwMjVcLzA0XC9QXzIwMTUwNTI2XzEwMzA1MC1zY2FsZWQuanBnIiwic2xpZGVzaG93IjoiZTBmNjcxNSJ9\">\n\t\t\t\t\t\t\t\t\t\t\t\t\t\t<\/a>\n\t\t\t\t\t\t\t<a href=\"https:\/\/senalbamg.org.br\/wp-content\/uploads\/2025\/04\/IMG_20170428_101242013.jpg\" data-elementor-open-lightbox=\"yes\" data-elementor-lightbox-slideshow=\"e0f6715\" data-elementor-lightbox-title=\"IMG_20170428_101242013\" data-e-action-hash=\"#elementor-action%3Aaction%3Dlightbox%26settings%3DeyJpZCI6MTgwNiwidXJsIjoiaHR0cHM6XC9cL3NlbmFsYmFtZy5vcmcuYnJcL3dwLWNvbnRlbnRcL3VwbG9hZHNcLzIwMjVcLzA0XC9JTUdfMjAxNzA0MjhfMTAxMjQyMDEzLmpwZyIsInNsaWRlc2hvdyI6ImUwZjY3MTUifQ%3D%3D\">\n\t\t\t\t\t\t\t\t\t\t\t\t\t\t<\/a>\n\t\t\t\t\t\t\t<a href=\"https:\/\/senalbamg.org.br\/wp-content\/uploads\/2025\/04\/IMG_20170428_101301746.jpg\" data-elementor-open-lightbox=\"yes\" data-elementor-lightbox-slideshow=\"e0f6715\" data-elementor-lightbox-title=\"IMG_20170428_101301746\" data-e-action-hash=\"#elementor-action%3Aaction%3Dlightbox%26settings%3DeyJpZCI6MTgwNywidXJsIjoiaHR0cHM6XC9cL3NlbmFsYmFtZy5vcmcuYnJcL3dwLWNvbnRlbnRcL3VwbG9hZHNcLzIwMjVcLzA0XC9JTUdfMjAxNzA0MjhfMTAxMzAxNzQ2LmpwZyIsInNsaWRlc2hvdyI6ImUwZjY3MTUifQ%3D%3D\">\n\t\t\t\t\t\t\t\t\t\t\t\t\t\t<\/a>\n\t\t\t\t\t\t\t<a href=\"https:\/\/senalbamg.org.br\/wp-content\/uploads\/2025\/04\/IMG_20170428_101407498.jpg\" data-elementor-open-lightbox=\"yes\" data-elementor-lightbox-slideshow=\"e0f6715\" data-elementor-lightbox-title=\"IMG_20170428_101407498\" data-e-action-hash=\"#elementor-action%3Aaction%3Dlightbox%26settings%3DeyJpZCI6MTgwOCwidXJsIjoiaHR0cHM6XC9cL3NlbmFsYmFtZy5vcmcuYnJcL3dwLWNvbnRlbnRcL3VwbG9hZHNcLzIwMjVcLzA0XC9JTUdfMjAxNzA0MjhfMTAxNDA3NDk4LmpwZyIsInNsaWRlc2hvdyI6ImUwZjY3MTUifQ%3D%3D\">\n\t\t\t\t\t\t\t\t\t\t\t\t\t\t<\/a>\n\t\t\t\t\t\t\t<a href=\"https:\/\/senalbamg.org.br\/wp-content\/uploads\/2025\/04\/IMG_3963-scaled.jpg\" data-elementor-open-lightbox=\"yes\" data-elementor-lightbox-slideshow=\"e0f6715\" data-elementor-lightbox-title=\"IMG_3963\" data-e-action-hash=\"#elementor-action%3Aaction%3Dlightbox%26settings%3DeyJpZCI6MTgwOSwidXJsIjoiaHR0cHM6XC9cL3NlbmFsYmFtZy5vcmcuYnJcL3dwLWNvbnRlbnRcL3VwbG9hZHNcLzIwMjVcLzA0XC9JTUdfMzk2My1zY2FsZWQuanBnIiwic2xpZGVzaG93IjoiZTBmNjcxNSJ9\">\n\t\t\t\t\t\t\t\t\t\t\t\t\t\t<\/a>\n\t\t\t\t\t\t\t<a href=\"https:\/\/senalbamg.org.br\/wp-content\/uploads\/2025\/04\/IMG_4056-scaled.jpg\" data-elementor-open-lightbox=\"yes\" data-elementor-lightbox-slideshow=\"e0f6715\" data-elementor-lightbox-title=\"IMG_4056\" data-e-action-hash=\"#elementor-action%3Aaction%3Dlightbox%26settings%3DeyJpZCI6MTgxMCwidXJsIjoiaHR0cHM6XC9cL3NlbmFsYmFtZy5vcmcuYnJcL3dwLWNvbnRlbnRcL3VwbG9hZHNcLzIwMjVcLzA0XC9JTUdfNDA1Ni1zY2FsZWQuanBnIiwic2xpZGVzaG93IjoiZTBmNjcxNSJ9\">\n\t\t\t\t\t\t\t\t\t\t\t\t\t\t<\/a>\n\t\t\t\t\t\t\t<a href=\"https:\/\/senalbamg.org.br\/wp-content\/uploads\/2025\/04\/IMG_0284-scaled.jpg\" data-elementor-open-lightbox=\"yes\" data-elementor-lightbox-slideshow=\"e0f6715\" data-elementor-lightbox-title=\"IMG_0284\" data-e-action-hash=\"#elementor-action%3Aaction%3Dlightbox%26settings%3DeyJpZCI6MTgxMSwidXJsIjoiaHR0cHM6XC9cL3NlbmFsYmFtZy5vcmcuYnJcL3dwLWNvbnRlbnRcL3VwbG9hZHNcLzIwMjVcLzA0XC9JTUdfMDI4NC1zY2FsZWQuanBnIiwic2xpZGVzaG93IjoiZTBmNjcxNSJ9\">\n\t\t\t\t\t\t\t\t\t\t\t\t\t\t<\/a>\n\t\t\t\t\t\t\t<a href=\"https:\/\/senalbamg.org.br\/wp-content\/uploads\/2025\/04\/IMG_0294-scaled.jpg\" data-elementor-open-lightbox=\"yes\" data-elementor-lightbox-slideshow=\"e0f6715\" data-elementor-lightbox-title=\"IMG_0294\" data-e-action-hash=\"#elementor-action%3Aaction%3Dlightbox%26settings%3DeyJpZCI6MTgxMiwidXJsIjoiaHR0cHM6XC9cL3NlbmFsYmFtZy5vcmcuYnJcL3dwLWNvbnRlbnRcL3VwbG9hZHNcLzIwMjVcLzA0XC9JTUdfMDI5NC1zY2FsZWQuanBnIiwic2xpZGVzaG93IjoiZTBmNjcxNSJ9\">\n\t\t\t\t\t\t\t\t\t\t\t\t\t\t<\/a>\n\t\t\t\t\t\t\t<a href=\"https:\/\/senalbamg.org.br\/wp-content\/uploads\/2025\/04\/IMG_0315-scaled.jpg\" data-elementor-open-lightbox=\"yes\" data-elementor-lightbox-slideshow=\"e0f6715\" data-elementor-lightbox-title=\"IMG_0315\" data-e-action-hash=\"#elementor-action%3Aaction%3Dlightbox%26settings%3DeyJpZCI6MTgxMywidXJsIjoiaHR0cHM6XC9cL3NlbmFsYmFtZy5vcmcuYnJcL3dwLWNvbnRlbnRcL3VwbG9hZHNcLzIwMjVcLzA0XC9JTUdfMDMxNS1zY2FsZWQuanBnIiwic2xpZGVzaG93IjoiZTBmNjcxNSJ9\">\n\t\t\t\t\t\t\t\t\t\t\t\t\t\t<\/a>\n\t\t\t\t\t\t\t<a href=\"https:\/\/senalbamg.org.br\/wp-content\/uploads\/2025\/04\/IMG_0645-scaled.jpg\" data-elementor-open-lightbox=\"yes\" data-elementor-lightbox-slideshow=\"e0f6715\" data-elementor-lightbox-title=\"IMG_0645\" data-e-action-hash=\"#elementor-action%3Aaction%3Dlightbox%26settings%3DeyJpZCI6MTgxNCwidXJsIjoiaHR0cHM6XC9cL3NlbmFsYmFtZy5vcmcuYnJcL3dwLWNvbnRlbnRcL3VwbG9hZHNcLzIwMjVcLzA0XC9JTUdfMDY0NS1zY2FsZWQuanBnIiwic2xpZGVzaG93IjoiZTBmNjcxNSJ9\">\n\t\t\t\t\t\t\t\t\t\t\t\t\t\t<\/a>\n\t\t<p><strong>O Senalba-MG \u00e9 o sindicato que representa os trabalhadores do Sistema S em Minas Gerais \u2014 Sesi, Senai, Sesc, Senac, Sescoop, Sest, Senat e Senar. Tamb\u00e9m atuamos na defesa dos trabalhadores da Assist\u00eancia Social, abrangendo entidades sem fins lucrativos, associa\u00e7\u00f5es, funda\u00e7\u00f5es, creches e similares. Nossa base inclui ainda os profissionais dos cursos livres, como os de idiomas, inform\u00e1tica e capacita\u00e7\u00e3o profissional.<\/strong><\/p>\n<p data-start=\"630\" data-end=\"956\">Mesmo com toda a diversidade das categorias que comp\u00f5em a nossa base, temos constru\u00eddo ao longo dos anos uma trajet\u00f3ria s\u00f3lida de lutas e conquistas, incluindo a assinatura de Conven\u00e7\u00f5es Coletivas com as representa\u00e7\u00f5es patronais desde 2001 \u2014 um marco que simboliza nossa atua\u00e7\u00e3o firme na defesa dos direitos dos trabalhadores.<\/p>\n<p data-start=\"958\" data-end=\"1284\">Com mais de 60 anos de hist\u00f3ria, o Senalba-MG re\u00fane um legado de resist\u00eancia, participa\u00e7\u00e3o pol\u00edtica e compromisso com a classe trabalhadora. Nosso percurso \u00e9 reconhecido pela seriedade e pela postura combativa, o que nos coloca entre os sindicatos verdadeiramente representativos, comprometidos com os interesses da categoria.<\/p>\n<p data-start=\"1286\" data-end=\"1672\">A sede do sindicato, localizada em Belo Horizonte, foi planejada para acolher os trabalhadores com conforto e efici\u00eancia. Contamos com uma estrutura moderna e uma equipe preparada para oferecer atendimento qualificado, al\u00e9m de canais de comunica\u00e7\u00e3o que facilitam o di\u00e1logo direto com a base e nos ajudam a ouvir, compreender e agir de forma estrat\u00e9gica diante das demandas da categoria.<\/p>\n<p data-start=\"1674\" data-end=\"1995\">Nos orgulhamos da evolu\u00e7\u00e3o cont\u00ednua do nosso trabalho. Investimos na amplia\u00e7\u00e3o de benef\u00edcios, na qualidade dos servi\u00e7os prestados e na valoriza\u00e7\u00e3o da participa\u00e7\u00e3o dos trabalhadores nas decis\u00f5es do sindicato. Essa constru\u00e7\u00e3o coletiva \u00e9 o que faz do Senalba-MG, hoje, um dos maiores e mais respeitados sindicatos do estado.<\/p>\n<p>\u00a0<\/p>\n","protected":false},"excerpt":{"rendered":"<p>Conhe\u00e7a o Senalba MG O Senalba-MG \u00e9 o sindicato que representa os trabalhadores do Sistema<\/p>\n","protected":false},"author":6,"featured_media":0,"parent":0,"menu_order":0,"comment_status":"closed","ping_status":"closed","template":"elementor_canvas","meta":{"footnotes":""},"class_list":["post-18","page","type-page","status-publish","hentry"],"yoast_head":"<!-- This site is optimized with the Yoast SEO plugin v25.1 - https:\/\/yoast.com\/wordpress\/plugins\/seo\/ -->\n<title>Quem Somos - SENALBAMG<\/title>\n<meta name=\"robots\" content=\"index, follow, max-snippet:-1, max-image-preview:large, max-video-preview:-1\" \/>\n<link rel=\"canonical\" href=\"https:\/\/senalbamg.org.br\/index.php\/o-senalba\/\" \/>\n<meta property=\"og:locale\" content=\"pt_PT\" \/>\n<meta property=\"og:type\" content=\"article\" \/>\n<meta property=\"og:title\" content=\"Quem Somos - SENALBAMG\" \/>\n<meta property=\"og:description\" content=\"Conhe\u00e7a o Senalba MG O Senalba-MG \u00e9 o sindicato que representa os trabalhadores do Sistema\" \/>\n<meta property=\"og:url\" content=\"https:\/\/senalbamg.org.br\/index.php\/o-senalba\/\" \/>\n<meta property=\"og:site_name\" content=\"SENALBAMG\" \/>\n<meta property=\"article:modified_time\" content=\"2025-04-03T16:56:15+00:00\" \/>\n<meta name=\"twitter:card\" content=\"summary_large_image\" \/>\n<meta name=\"twitter:label1\" content=\"Tempo estimado de leitura\" \/>\n\t<meta name=\"twitter:data1\" content=\"2 minutos\" \/>\n<script type=\"application\/ld+json\" class=\"yoast-schema-graph\">{\"@context\":\"https:\/\/schema.org\",\"@graph\":[{\"@type\":\"WebPage\",\"@id\":\"https:\/\/senalbamg.org.br\/index.php\/o-senalba\/\",\"url\":\"https:\/\/senalbamg.org.br\/index.php\/o-senalba\/\",\"name\":\"Quem Somos - SENALBAMG\",\"isPartOf\":{\"@id\":\"https:\/\/senalbamg.org.br\/#website\"},\"datePublished\":\"2023-09-25T05:17:04+00:00\",\"dateModified\":\"2025-04-03T16:56:15+00:00\",\"breadcrumb\":{\"@id\":\"https:\/\/senalbamg.org.br\/index.php\/o-senalba\/#breadcrumb\"},\"inLanguage\":\"pt-PT\",\"potentialAction\":[{\"@type\":\"ReadAction\",\"target\":[\"https:\/\/senalbamg.org.br\/index.php\/o-senalba\/\"]}]},{\"@type\":\"BreadcrumbList\",\"@id\":\"https:\/\/senalbamg.org.br\/index.php\/o-senalba\/#breadcrumb\",\"itemListElement\":[{\"@type\":\"ListItem\",\"position\":1,\"name\":\"In\u00edcio\",\"item\":\"https:\/\/senalbamg.org.br\/\"},{\"@type\":\"ListItem\",\"position\":2,\"name\":\"Quem Somos\"}]},{\"@type\":\"WebSite\",\"@id\":\"https:\/\/senalbamg.org.br\/#website\",\"url\":\"https:\/\/senalbamg.org.br\/\",\"name\":\"SENALBAMG\",\"description\":\"Fortale\u00e7a seu sindicato!\",\"publisher\":{\"@id\":\"https:\/\/senalbamg.org.br\/#organization\"},\"potentialAction\":[{\"@type\":\"SearchAction\",\"target\":{\"@type\":\"EntryPoint\",\"urlTemplate\":\"https:\/\/senalbamg.org.br\/?s={search_term_string}\"},\"query-input\":{\"@type\":\"PropertyValueSpecification\",\"valueRequired\":true,\"valueName\":\"search_term_string\"}}],\"inLanguage\":\"pt-PT\"},{\"@type\":\"Organization\",\"@id\":\"https:\/\/senalbamg.org.br\/#organization\",\"name\":\"SENALBAMG\",\"url\":\"https:\/\/senalbamg.org.br\/\",\"logo\":{\"@type\":\"ImageObject\",\"inLanguage\":\"pt-PT\",\"@id\":\"https:\/\/senalbamg.org.br\/#\/schema\/logo\/image\/\",\"url\":\"https:\/\/senalbamg.org.br\/wp-content\/uploads\/2025\/05\/Black-White-Letter-MD-Logo-Instagram-Post-Copia-1.jpg\",\"contentUrl\":\"https:\/\/senalbamg.org.br\/wp-content\/uploads\/2025\/05\/Black-White-Letter-MD-Logo-Instagram-Post-Copia-1.jpg\",\"width\":1080,\"height\":504,\"caption\":\"SENALBAMG\"},\"image\":{\"@id\":\"https:\/\/senalbamg.org.br\/#\/schema\/logo\/image\/\"}}]}<\/script>\n<!-- \/ Yoast SEO plugin. -->","yoast_head_json":{"title":"Quem Somos - SENALBAMG","robots":{"index":"index","follow":"follow","max-snippet":"max-snippet:-1","max-image-preview":"max-image-preview:large","max-video-preview":"max-video-preview:-1"},"canonical":"https:\/\/senalbamg.org.br\/index.php\/o-senalba\/","og_locale":"pt_PT","og_type":"article","og_title":"Quem Somos - SENALBAMG","og_description":"Conhe\u00e7a o Senalba MG O Senalba-MG \u00e9 o sindicato que representa os trabalhadores do Sistema","og_url":"https:\/\/senalbamg.org.br\/index.php\/o-senalba\/","og_site_name":"SENALBAMG","article_modified_time":"2025-04-03T16:56:15+00:00","twitter_card":"summary_large_image","twitter_misc":{"Tempo estimado de leitura":"2 minutos"},"schema":{"@context":"https:\/\/schema.org","@graph":[{"@type":"WebPage","@id":"https:\/\/senalbamg.org.br\/index.php\/o-senalba\/","url":"https:\/\/senalbamg.org.br\/index.php\/o-senalba\/","name":"Quem Somos - SENALBAMG","isPartOf":{"@id":"https:\/\/senalbamg.org.br\/#website"},"datePublished":"2023-09-25T05:17:04+00:00","dateModified":"2025-04-03T16:56:15+00:00","breadcrumb":{"@id":"https:\/\/senalbamg.org.br\/index.php\/o-senalba\/#breadcrumb"},"inLanguage":"pt-PT","potentialAction":[{"@type":"ReadAction","target":["https:\/\/senalbamg.org.br\/index.php\/o-senalba\/"]}]},{"@type":"BreadcrumbList","@id":"https:\/\/senalbamg.org.br\/index.php\/o-senalba\/#breadcrumb","itemListElement":[{"@type":"ListItem","position":1,"name":"In\u00edcio","item":"https:\/\/senalbamg.org.br\/"},{"@type":"ListItem","position":2,"name":"Quem Somos"}]},{"@type":"WebSite","@id":"https:\/\/senalbamg.org.br\/#website","url":"https:\/\/senalbamg.org.br\/","name":"SENALBAMG","description":"Fortale\u00e7a seu sindicato!","publisher":{"@id":"https:\/\/senalbamg.org.br\/#organization"},"potentialAction":[{"@type":"SearchAction","target":{"@type":"EntryPoint","urlTemplate":"https:\/\/senalbamg.org.br\/?s={search_term_string}"},"query-input":{"@type":"PropertyValueSpecification","valueRequired":true,"valueName":"search_term_string"}}],"inLanguage":"pt-PT"},{"@type":"Organization","@id":"https:\/\/senalbamg.org.br\/#organization","name":"SENALBAMG","url":"https:\/\/senalbamg.org.br\/","logo":{"@type":"ImageObject","inLanguage":"pt-PT","@id":"https:\/\/senalbamg.org.br\/#\/schema\/logo\/image\/","url":"https:\/\/senalbamg.org.br\/wp-content\/uploads\/2025\/05\/Black-White-Letter-MD-Logo-Instagram-Post-Copia-1.jpg","contentUrl":"https:\/\/senalbamg.org.br\/wp-content\/uploads\/2025\/05\/Black-White-Letter-MD-Logo-Instagram-Post-Copia-1.jpg","width":1080,"height":504,"caption":"SENALBAMG"},"image":{"@id":"https:\/\/senalbamg.org.br\/#\/schema\/logo\/image\/"}}]}},"_links":{"self":[{"href":"https:\/\/senalbamg.org.br\/index.php\/wp-json\/wp\/v2\/pages\/18","targetHints":{"allow":["GET"]}}],"collection":[{"href":"https:\/\/senalbamg.org.br\/index.php\/wp-json\/wp\/v2\/pages"}],"about":[{"href":"https:\/\/senalbamg.org.br\/index.php\/wp-json\/wp\/v2\/types\/page"}],"author":[{"embeddable":true,"href":"https:\/\/senalbamg.org.br\/index.php\/wp-json\/wp\/v2\/users\/6"}],"replies":[{"embeddable":true,"href":"https:\/\/senalbamg.org.br\/index.php\/wp-json\/wp\/v2\/comments?post=18"}],"version-history":[{"count":8,"href":"https:\/\/senalbamg.org.br\/index.php\/wp-json\/wp\/v2\/pages\/18\/revisions"}],"predecessor-version":[{"id":1817,"href":"https:\/\/senalbamg.org.br\/index.php\/wp-json\/wp\/v2\/pages\/18\/revisions\/1817"}],"wp:attachment":[{"href":"https:\/\/senalbamg.org.br\/index.php\/wp-json\/wp\/v2\/media?parent=18"}],"curies":[{"name":"wp","href":"https:\/\/api.w.org\/{rel}","templated":true}]}}